{"id":6639,"date":"2024-03-04T06:19:42","date_gmt":"2024-03-04T06:19:42","guid":{"rendered":"https:\/\/toroequipment.com\/producto\/vis-convoyeuse-a-canal\/"},"modified":"2024-03-04T06:19:42","modified_gmt":"2024-03-04T06:19:42","slug":"vis-convoyeuse-a-canal","status":"publish","type":"product","link":"https:\/\/toroequipment.com\/fr\/producto\/vis-convoyeuse-a-canal\/","title":{"rendered":"Vis Convoyeuse \u00e0 Canal"},"content":{"rendered":"<p>Mat\u00e9riau : acier au carbone et acier inoxydable AISI 304 ou AISI 316. Tamisage, transport et compactage de solides h\u00e9t\u00e9rog\u00e8nes en un seul \u00e9quipement. Inclinaison variable jusqu&rsquo;\u00e0 35\u00ba.<\/p>\n","protected":false},"excerpt":{"rendered":"<p>Mat\u00e9riau : acier au carbone et acier inoxydable AISI 304 ou AISI 316. Tamisage, transport et compactage de solides h\u00e9t\u00e9rog\u00e8nes en un seul \u00e9quipement. Inclinaison variable jusqu&rsquo;\u00e0 35\u00ba.<\/p>\n","protected":false},"featured_media":5721,"comment_status":"closed","ping_status":"closed","template":"","meta":{"_acf_changed":false},"product_brand":[],"product_cat":[21],"product_tag":[],"class_list":{"0":"post-6639","1":"product","2":"type-product","3":"status-publish","4":"has-post-thumbnail","6":"product_cat-sin-categorizar","8":"first","9":"instock","10":"shipping-taxable","11":"purchasable","12":"product-type-variable"},"acf":[],"yoast_head":"<!-- This site is optimized with the Yoast SEO plugin v25.2 - https:\/\/yoast.com\/wordpress\/plugins\/seo\/ -->\n<title>Vis Convoyeuse \u00e0 Canal - Toro Equipment<\/title>\n<meta name=\"robots\" content=\"index, follow, max-snippet:-1, max-image-preview:large, max-video-preview:-1\" \/>\n<link rel=\"canonical\" href=\"https:\/\/toroequipment.com\/producto\/vis-convoyeuse-a-canal\/\" \/>\n<meta property=\"og:locale\" content=\"fr_FR\" \/>\n<meta property=\"og:type\" content=\"article\" \/>\n<meta property=\"og:title\" content=\"Vis Convoyeuse \u00e0 Canal - Toro Equipment\" \/>\n<meta property=\"og:description\" content=\"Mat\u00e9riau : acier au carbone et acier inoxydable AISI 304 ou AISI 316. Tamisage, transport et compactage de solides h\u00e9t\u00e9rog\u00e8nes en un seul \u00e9quipement. Inclinaison variable jusqu&rsquo;\u00e0 35\u00ba.\" \/>\n<meta property=\"og:url\" content=\"https:\/\/toroequipment.com\/producto\/vis-convoyeuse-a-canal\/\" \/>\n<meta property=\"og:site_name\" content=\"Toro Equipment\" \/>\n<meta name=\"twitter:card\" content=\"summary_large_image\" \/>\n<script type=\"application\/ld+json\" class=\"yoast-schema-graph\">{\"@context\":\"https:\/\/schema.org\",\"@graph\":[{\"@type\":\"WebPage\",\"@id\":\"https:\/\/toroequipment.com\/producto\/vis-convoyeuse-a-canal\/\",\"url\":\"https:\/\/toroequipment.com\/producto\/vis-convoyeuse-a-canal\/\",\"name\":\"Vis Convoyeuse \u00e0 Canal - Toro Equipment\",\"isPartOf\":{\"@id\":\"https:\/\/toroequipment.com\/#website\"},\"primaryImageOfPage\":{\"@id\":\"https:\/\/toroequipment.com\/producto\/vis-convoyeuse-a-canal\/#primaryimage\"},\"image\":{\"@id\":\"https:\/\/toroequipment.com\/producto\/vis-convoyeuse-a-canal\/#primaryimage\"},\"thumbnailUrl\":\"https:\/\/toroequipment.com\/wp-content\/uploads\/2024\/06\/TTC200.jpg\",\"datePublished\":\"2024-03-04T06:19:42+00:00\",\"breadcrumb\":{\"@id\":\"https:\/\/toroequipment.com\/producto\/vis-convoyeuse-a-canal\/#breadcrumb\"},\"inLanguage\":\"fr-FR\",\"potentialAction\":[{\"@type\":\"ReadAction\",\"target\":[\"https:\/\/toroequipment.com\/producto\/vis-convoyeuse-a-canal\/\"]}]},{\"@type\":\"ImageObject\",\"inLanguage\":\"fr-FR\",\"@id\":\"https:\/\/toroequipment.com\/producto\/vis-convoyeuse-a-canal\/#primaryimage\",\"url\":\"https:\/\/toroequipment.com\/wp-content\/uploads\/2024\/06\/TTC200.jpg\",\"contentUrl\":\"https:\/\/toroequipment.com\/wp-content\/uploads\/2024\/06\/TTC200.jpg\",\"width\":1042,\"height\":1042},{\"@type\":\"BreadcrumbList\",\"@id\":\"https:\/\/toroequipment.com\/producto\/vis-convoyeuse-a-canal\/#breadcrumb\",\"itemListElement\":[{\"@type\":\"ListItem\",\"position\":1,\"name\":\"Home\",\"item\":\"https:\/\/toroequipment.com\/fr\/\"},{\"@type\":\"ListItem\",\"position\":2,\"name\":\"Productos\",\"item\":\"https:\/\/toroequipment.com\/es\/shop\/\"},{\"@type\":\"ListItem\",\"position\":3,\"name\":\"Vis Convoyeuse \u00e0 Canal\"}]},{\"@type\":\"WebSite\",\"@id\":\"https:\/\/toroequipment.com\/#website\",\"url\":\"https:\/\/toroequipment.com\/\",\"name\":\"Toro Equipment\",\"description\":\"\",\"potentialAction\":[{\"@type\":\"SearchAction\",\"target\":{\"@type\":\"EntryPoint\",\"urlTemplate\":\"https:\/\/toroequipment.com\/?s={search_term_string}\"},\"query-input\":{\"@type\":\"PropertyValueSpecification\",\"valueRequired\":true,\"valueName\":\"search_term_string\"}}],\"inLanguage\":\"fr-FR\"}]}<\/script>\n<!-- \/ Yoast SEO plugin. -->","yoast_head_json":{"title":"Vis Convoyeuse \u00e0 Canal - Toro Equipment","robots":{"index":"index","follow":"follow","max-snippet":"max-snippet:-1","max-image-preview":"max-image-preview:large","max-video-preview":"max-video-preview:-1"},"canonical":"https:\/\/toroequipment.com\/producto\/vis-convoyeuse-a-canal\/","og_locale":"fr_FR","og_type":"article","og_title":"Vis Convoyeuse \u00e0 Canal - Toro Equipment","og_description":"Mat\u00e9riau : acier au carbone et acier inoxydable AISI 304 ou AISI 316. Tamisage, transport et compactage de solides h\u00e9t\u00e9rog\u00e8nes en un seul \u00e9quipement. Inclinaison variable jusqu&rsquo;\u00e0 35\u00ba.","og_url":"https:\/\/toroequipment.com\/producto\/vis-convoyeuse-a-canal\/","og_site_name":"Toro Equipment","twitter_card":"summary_large_image","schema":{"@context":"https:\/\/schema.org","@graph":[{"@type":"WebPage","@id":"https:\/\/toroequipment.com\/producto\/vis-convoyeuse-a-canal\/","url":"https:\/\/toroequipment.com\/producto\/vis-convoyeuse-a-canal\/","name":"Vis Convoyeuse \u00e0 Canal - Toro Equipment","isPartOf":{"@id":"https:\/\/toroequipment.com\/#website"},"primaryImageOfPage":{"@id":"https:\/\/toroequipment.com\/producto\/vis-convoyeuse-a-canal\/#primaryimage"},"image":{"@id":"https:\/\/toroequipment.com\/producto\/vis-convoyeuse-a-canal\/#primaryimage"},"thumbnailUrl":"https:\/\/toroequipment.com\/wp-content\/uploads\/2024\/06\/TTC200.jpg","datePublished":"2024-03-04T06:19:42+00:00","breadcrumb":{"@id":"https:\/\/toroequipment.com\/producto\/vis-convoyeuse-a-canal\/#breadcrumb"},"inLanguage":"fr-FR","potentialAction":[{"@type":"ReadAction","target":["https:\/\/toroequipment.com\/producto\/vis-convoyeuse-a-canal\/"]}]},{"@type":"ImageObject","inLanguage":"fr-FR","@id":"https:\/\/toroequipment.com\/producto\/vis-convoyeuse-a-canal\/#primaryimage","url":"https:\/\/toroequipment.com\/wp-content\/uploads\/2024\/06\/TTC200.jpg","contentUrl":"https:\/\/toroequipment.com\/wp-content\/uploads\/2024\/06\/TTC200.jpg","width":1042,"height":1042},{"@type":"BreadcrumbList","@id":"https:\/\/toroequipment.com\/producto\/vis-convoyeuse-a-canal\/#breadcrumb","itemListElement":[{"@type":"ListItem","position":1,"name":"Home","item":"https:\/\/toroequipment.com\/fr\/"},{"@type":"ListItem","position":2,"name":"Productos","item":"https:\/\/toroequipment.com\/es\/shop\/"},{"@type":"ListItem","position":3,"name":"Vis Convoyeuse \u00e0 Canal"}]},{"@type":"WebSite","@id":"https:\/\/toroequipment.com\/#website","url":"https:\/\/toroequipment.com\/","name":"Toro Equipment","description":"","potentialAction":[{"@type":"SearchAction","target":{"@type":"EntryPoint","urlTemplate":"https:\/\/toroequipment.com\/?s={search_term_string}"},"query-input":{"@type":"PropertyValueSpecification","valueRequired":true,"valueName":"search_term_string"}}],"inLanguage":"fr-FR"}]}},"_links":{"self":[{"href":"https:\/\/toroequipment.com\/fr\/wp-json\/wp\/v2\/product\/6639","targetHints":{"allow":["GET"]}}],"collection":[{"href":"https:\/\/toroequipment.com\/fr\/wp-json\/wp\/v2\/product"}],"about":[{"href":"https:\/\/toroequipment.com\/fr\/wp-json\/wp\/v2\/types\/product"}],"replies":[{"embeddable":true,"href":"https:\/\/toroequipment.com\/fr\/wp-json\/wp\/v2\/comments?post=6639"}],"version-history":[{"count":0,"href":"https:\/\/toroequipment.com\/fr\/wp-json\/wp\/v2\/product\/6639\/revisions"}],"wp:featuredmedia":[{"embeddable":true,"href":"https:\/\/toroequipment.com\/fr\/wp-json\/wp\/v2\/media\/5721"}],"wp:attachment":[{"href":"https:\/\/toroequipment.com\/fr\/wp-json\/wp\/v2\/media?parent=6639"}],"wp:term":[{"taxonomy":"product_brand","embeddable":true,"href":"https:\/\/toroequipment.com\/fr\/wp-json\/wp\/v2\/product_brand?post=6639"},{"taxonomy":"product_cat","embeddable":true,"href":"https:\/\/toroequipment.com\/fr\/wp-json\/wp\/v2\/product_cat?post=6639"},{"taxonomy":"product_tag","embeddable":true,"href":"https:\/\/toroequipment.com\/fr\/wp-json\/wp\/v2\/product_tag?post=6639"}],"curies":[{"name":"wp","href":"https:\/\/api.w.org\/{rel}","templated":true}]}}