{"id":6385,"date":"2024-01-01T05:16:04","date_gmt":"2024-01-01T05:16:04","guid":{"rendered":"https:\/\/toroequipment.com\/producto\/flotteurs-a-air-dissous-frc\/"},"modified":"2024-08-26T06:26:18","modified_gmt":"2024-08-26T06:26:18","slug":"flotteurs-a-air-dissous-frc","status":"publish","type":"product","link":"https:\/\/toroequipment.com\/fr\/producto\/flotteurs-a-air-dissous-frc\/","title":{"rendered":"Flotteurs \u00e0 Air Dissous \u2013 FRC"},"content":{"rendered":"<p>Mat\u00e9riau du d\u00e9p\u00f4t : PRV<\/p>\n<p>Mat\u00e9riau de la structure : Acier inoxydable et PRV<\/p>\n<p>*La structure n&rsquo;est pas incluse dans les mod\u00e8les FRC-2 et FRC-5.<\/p>\n","protected":false},"excerpt":{"rendered":"<p>Mat\u00e9riau du d\u00e9p\u00f4t : PRV Mat\u00e9riau de la structure : Acier inoxydable et PRV *La structure n&rsquo;est pas incluse dans les mod\u00e8les FRC-2 et FRC-5.<\/p>\n","protected":false},"featured_media":5382,"comment_status":"closed","ping_status":"closed","template":"","meta":{"_acf_changed":false},"product_brand":[],"product_cat":[163],"product_tag":[],"class_list":{"0":"post-6385","1":"product","2":"type-product","3":"status-publish","4":"has-post-thumbnail","6":"product_cat-daf","8":"first","9":"instock","10":"shipping-taxable","11":"purchasable","12":"product-type-variable"},"acf":[],"yoast_head":"<!-- This site is optimized with the Yoast SEO plugin v25.2 - https:\/\/yoast.com\/wordpress\/plugins\/seo\/ -->\n<title>Flotteurs \u00e0 Air Dissous \u2013 FRC - Toro Equipment<\/title>\n<meta name=\"robots\" content=\"index, follow, max-snippet:-1, max-image-preview:large, max-video-preview:-1\" \/>\n<link rel=\"canonical\" href=\"https:\/\/toroequipment.com\/fr\/producto\/flotteurs-a-air-dissous-frc\/\" \/>\n<meta property=\"og:locale\" content=\"fr_FR\" \/>\n<meta property=\"og:type\" content=\"article\" \/>\n<meta property=\"og:title\" content=\"Flotteurs \u00e0 Air Dissous \u2013 FRC - Toro Equipment\" \/>\n<meta property=\"og:description\" content=\"Mat\u00e9riau du d\u00e9p\u00f4t : PRV Mat\u00e9riau de la structure : Acier inoxydable et PRV *La structure n&rsquo;est pas incluse dans les mod\u00e8les FRC-2 et FRC-5.\" \/>\n<meta property=\"og:url\" content=\"https:\/\/toroequipment.com\/fr\/producto\/flotteurs-a-air-dissous-frc\/\" \/>\n<meta property=\"og:site_name\" content=\"Toro Equipment\" \/>\n<meta property=\"article:modified_time\" content=\"2024-08-26T06:26:18+00:00\" \/>\n<meta property=\"og:image\" content=\"https:\/\/toroequipment.com\/wp-content\/uploads\/2024\/06\/FRC30.jpg\" \/>\n\t<meta property=\"og:image:width\" content=\"1042\" \/>\n\t<meta property=\"og:image:height\" content=\"1042\" \/>\n\t<meta property=\"og:image:type\" content=\"image\/jpeg\" \/>\n<meta name=\"twitter:card\" content=\"summary_large_image\" \/>\n<meta name=\"twitter:label1\" content=\"Dur\u00e9e de lecture estim\u00e9e\" \/>\n\t<meta name=\"twitter:data1\" content=\"1 minute\" \/>\n<script type=\"application\/ld+json\" class=\"yoast-schema-graph\">{\"@context\":\"https:\/\/schema.org\",\"@graph\":[{\"@type\":\"WebPage\",\"@id\":\"https:\/\/toroequipment.com\/fr\/producto\/flotteurs-a-air-dissous-frc\/\",\"url\":\"https:\/\/toroequipment.com\/fr\/producto\/flotteurs-a-air-dissous-frc\/\",\"name\":\"Flotteurs \u00e0 Air Dissous \u2013 FRC - Toro Equipment\",\"isPartOf\":{\"@id\":\"https:\/\/toroequipment.com\/#website\"},\"primaryImageOfPage\":{\"@id\":\"https:\/\/toroequipment.com\/fr\/producto\/flotteurs-a-air-dissous-frc\/#primaryimage\"},\"image\":{\"@id\":\"https:\/\/toroequipment.com\/fr\/producto\/flotteurs-a-air-dissous-frc\/#primaryimage\"},\"thumbnailUrl\":\"https:\/\/toroequipment.com\/wp-content\/uploads\/2024\/06\/FRC30.jpg\",\"datePublished\":\"2024-01-01T05:16:04+00:00\",\"dateModified\":\"2024-08-26T06:26:18+00:00\",\"breadcrumb\":{\"@id\":\"https:\/\/toroequipment.com\/fr\/producto\/flotteurs-a-air-dissous-frc\/#breadcrumb\"},\"inLanguage\":\"fr-FR\",\"potentialAction\":[{\"@type\":\"ReadAction\",\"target\":[\"https:\/\/toroequipment.com\/fr\/producto\/flotteurs-a-air-dissous-frc\/\"]}]},{\"@type\":\"ImageObject\",\"inLanguage\":\"fr-FR\",\"@id\":\"https:\/\/toroequipment.com\/fr\/producto\/flotteurs-a-air-dissous-frc\/#primaryimage\",\"url\":\"https:\/\/toroequipment.com\/wp-content\/uploads\/2024\/06\/FRC30.jpg\",\"contentUrl\":\"https:\/\/toroequipment.com\/wp-content\/uploads\/2024\/06\/FRC30.jpg\",\"width\":1042,\"height\":1042},{\"@type\":\"BreadcrumbList\",\"@id\":\"https:\/\/toroequipment.com\/fr\/producto\/flotteurs-a-air-dissous-frc\/#breadcrumb\",\"itemListElement\":[{\"@type\":\"ListItem\",\"position\":1,\"name\":\"Home\",\"item\":\"https:\/\/toroequipment.com\/fr\/\"},{\"@type\":\"ListItem\",\"position\":2,\"name\":\"Productos\",\"item\":\"https:\/\/toroequipment.com\/es\/shop\/\"},{\"@type\":\"ListItem\",\"position\":3,\"name\":\"Flotteurs \u00e0 Air Dissous \u2013 FRC\"}]},{\"@type\":\"WebSite\",\"@id\":\"https:\/\/toroequipment.com\/#website\",\"url\":\"https:\/\/toroequipment.com\/\",\"name\":\"Toro Equipment\",\"description\":\"\",\"potentialAction\":[{\"@type\":\"SearchAction\",\"target\":{\"@type\":\"EntryPoint\",\"urlTemplate\":\"https:\/\/toroequipment.com\/?s={search_term_string}\"},\"query-input\":{\"@type\":\"PropertyValueSpecification\",\"valueRequired\":true,\"valueName\":\"search_term_string\"}}],\"inLanguage\":\"fr-FR\"}]}<\/script>\n<!-- \/ Yoast SEO plugin. -->","yoast_head_json":{"title":"Flotteurs \u00e0 Air Dissous \u2013 FRC - Toro Equipment","robots":{"index":"index","follow":"follow","max-snippet":"max-snippet:-1","max-image-preview":"max-image-preview:large","max-video-preview":"max-video-preview:-1"},"canonical":"https:\/\/toroequipment.com\/fr\/producto\/flotteurs-a-air-dissous-frc\/","og_locale":"fr_FR","og_type":"article","og_title":"Flotteurs \u00e0 Air Dissous \u2013 FRC - Toro Equipment","og_description":"Mat\u00e9riau du d\u00e9p\u00f4t : PRV Mat\u00e9riau de la structure : Acier inoxydable et PRV *La structure n&rsquo;est pas incluse dans les mod\u00e8les FRC-2 et FRC-5.","og_url":"https:\/\/toroequipment.com\/fr\/producto\/flotteurs-a-air-dissous-frc\/","og_site_name":"Toro Equipment","article_modified_time":"2024-08-26T06:26:18+00:00","og_image":[{"width":1042,"height":1042,"url":"https:\/\/toroequipment.com\/wp-content\/uploads\/2024\/06\/FRC30.jpg","type":"image\/jpeg"}],"twitter_card":"summary_large_image","twitter_misc":{"Dur\u00e9e de lecture estim\u00e9e":"1 minute"},"schema":{"@context":"https:\/\/schema.org","@graph":[{"@type":"WebPage","@id":"https:\/\/toroequipment.com\/fr\/producto\/flotteurs-a-air-dissous-frc\/","url":"https:\/\/toroequipment.com\/fr\/producto\/flotteurs-a-air-dissous-frc\/","name":"Flotteurs \u00e0 Air Dissous \u2013 FRC - Toro Equipment","isPartOf":{"@id":"https:\/\/toroequipment.com\/#website"},"primaryImageOfPage":{"@id":"https:\/\/toroequipment.com\/fr\/producto\/flotteurs-a-air-dissous-frc\/#primaryimage"},"image":{"@id":"https:\/\/toroequipment.com\/fr\/producto\/flotteurs-a-air-dissous-frc\/#primaryimage"},"thumbnailUrl":"https:\/\/toroequipment.com\/wp-content\/uploads\/2024\/06\/FRC30.jpg","datePublished":"2024-01-01T05:16:04+00:00","dateModified":"2024-08-26T06:26:18+00:00","breadcrumb":{"@id":"https:\/\/toroequipment.com\/fr\/producto\/flotteurs-a-air-dissous-frc\/#breadcrumb"},"inLanguage":"fr-FR","potentialAction":[{"@type":"ReadAction","target":["https:\/\/toroequipment.com\/fr\/producto\/flotteurs-a-air-dissous-frc\/"]}]},{"@type":"ImageObject","inLanguage":"fr-FR","@id":"https:\/\/toroequipment.com\/fr\/producto\/flotteurs-a-air-dissous-frc\/#primaryimage","url":"https:\/\/toroequipment.com\/wp-content\/uploads\/2024\/06\/FRC30.jpg","contentUrl":"https:\/\/toroequipment.com\/wp-content\/uploads\/2024\/06\/FRC30.jpg","width":1042,"height":1042},{"@type":"BreadcrumbList","@id":"https:\/\/toroequipment.com\/fr\/producto\/flotteurs-a-air-dissous-frc\/#breadcrumb","itemListElement":[{"@type":"ListItem","position":1,"name":"Home","item":"https:\/\/toroequipment.com\/fr\/"},{"@type":"ListItem","position":2,"name":"Productos","item":"https:\/\/toroequipment.com\/es\/shop\/"},{"@type":"ListItem","position":3,"name":"Flotteurs \u00e0 Air Dissous \u2013 FRC"}]},{"@type":"WebSite","@id":"https:\/\/toroequipment.com\/#website","url":"https:\/\/toroequipment.com\/","name":"Toro Equipment","description":"","potentialAction":[{"@type":"SearchAction","target":{"@type":"EntryPoint","urlTemplate":"https:\/\/toroequipment.com\/?s={search_term_string}"},"query-input":{"@type":"PropertyValueSpecification","valueRequired":true,"valueName":"search_term_string"}}],"inLanguage":"fr-FR"}]}},"_links":{"self":[{"href":"https:\/\/toroequipment.com\/fr\/wp-json\/wp\/v2\/product\/6385","targetHints":{"allow":["GET"]}}],"collection":[{"href":"https:\/\/toroequipment.com\/fr\/wp-json\/wp\/v2\/product"}],"about":[{"href":"https:\/\/toroequipment.com\/fr\/wp-json\/wp\/v2\/types\/product"}],"replies":[{"embeddable":true,"href":"https:\/\/toroequipment.com\/fr\/wp-json\/wp\/v2\/comments?post=6385"}],"version-history":[{"count":2,"href":"https:\/\/toroequipment.com\/fr\/wp-json\/wp\/v2\/product\/6385\/revisions"}],"predecessor-version":[{"id":6479,"href":"https:\/\/toroequipment.com\/fr\/wp-json\/wp\/v2\/product\/6385\/revisions\/6479"}],"wp:featuredmedia":[{"embeddable":true,"href":"https:\/\/toroequipment.com\/fr\/wp-json\/wp\/v2\/media\/5382"}],"wp:attachment":[{"href":"https:\/\/toroequipment.com\/fr\/wp-json\/wp\/v2\/media?parent=6385"}],"wp:term":[{"taxonomy":"product_brand","embeddable":true,"href":"https:\/\/toroequipment.com\/fr\/wp-json\/wp\/v2\/product_brand?post=6385"},{"taxonomy":"product_cat","embeddable":true,"href":"https:\/\/toroequipment.com\/fr\/wp-json\/wp\/v2\/product_cat?post=6385"},{"taxonomy":"product_tag","embeddable":true,"href":"https:\/\/toroequipment.com\/fr\/wp-json\/wp\/v2\/product_tag?post=6385"}],"curies":[{"name":"wp","href":"https:\/\/api.w.org\/{rel}","templated":true}]}}