{"id":6258,"date":"2024-06-25T07:26:24","date_gmt":"2024-06-25T07:26:24","guid":{"rendered":"https:\/\/toroequipment.com\/producto\/desensablage\/"},"modified":"2024-08-26T06:21:46","modified_gmt":"2024-08-26T06:21:46","slug":"desensablage","status":"publish","type":"product","link":"https:\/\/toroequipment.com\/fr\/producto\/desensablage\/","title":{"rendered":"D\u00e9sensablage"},"content":{"rendered":"<p><span style=\"font-family: Barlow, serif;\"><span style=\"font-size: large;\"><span lang=\"en-GB\">Mat\u00e9riau : acier au carbone et acier inoxydable AISI 304 ou AISI 316.<\/span><\/span><\/span><\/p>\n<p><span style=\"font-family: Barlow, serif;\"><span style=\"font-size: large;\"><span lang=\"en-GB\">Mat\u00e9riau du bac \u00e0 sable: GRP ou acier inoxydable.<\/span><\/span><\/span><\/p>\n<p><span style=\"font-family: Barlow, serif;\"><span style=\"font-size: large;\"><span lang=\"en-GB\">*Vis \u00e0 arbre creux qui recueille et transporte les solides, atteignant un taux de dessablage de 97%.<\/span><\/span><\/span><\/p>\n","protected":false},"excerpt":{"rendered":"<p>Mat\u00e9riau : acier au carbone et acier inoxydable AISI 304 ou AISI 316. Mat\u00e9riau du bac \u00e0 sable: GRP ou acier inoxydable. *Vis \u00e0 arbre creux qui recueille et transporte les solides, atteignant un taux de dessablage de 97%.<\/p>\n","protected":false},"featured_media":5236,"comment_status":"closed","ping_status":"closed","template":"","meta":{"_acf_changed":false},"product_brand":[],"product_cat":[158],"product_tag":[],"class_list":{"0":"post-6258","1":"product","2":"type-product","3":"status-publish","4":"has-post-thumbnail","6":"product_cat-desensablage","8":"first","9":"instock","10":"shipping-taxable","11":"purchasable","12":"product-type-variable"},"acf":[],"yoast_head":"<!-- This site is optimized with the Yoast SEO plugin v25.2 - https:\/\/yoast.com\/wordpress\/plugins\/seo\/ -->\n<title>D\u00e9sensablage - Toro Equipment<\/title>\n<meta name=\"robots\" content=\"index, follow, max-snippet:-1, max-image-preview:large, max-video-preview:-1\" \/>\n<link rel=\"canonical\" href=\"https:\/\/toroequipment.com\/fr\/producto\/desensablage\/\" \/>\n<meta property=\"og:locale\" content=\"fr_FR\" \/>\n<meta property=\"og:type\" content=\"article\" \/>\n<meta property=\"og:title\" content=\"D\u00e9sensablage - Toro Equipment\" \/>\n<meta property=\"og:description\" content=\"Mat\u00e9riau : acier au carbone et acier inoxydable AISI 304 ou AISI 316. Mat\u00e9riau du bac \u00e0 sable: GRP ou acier inoxydable. *Vis \u00e0 arbre creux qui recueille et transporte les solides, atteignant un taux de dessablage de 97%.\" \/>\n<meta property=\"og:url\" content=\"https:\/\/toroequipment.com\/fr\/producto\/desensablage\/\" \/>\n<meta property=\"og:site_name\" content=\"Toro Equipment\" \/>\n<meta property=\"article:modified_time\" content=\"2024-08-26T06:21:46+00:00\" \/>\n<meta property=\"og:image\" content=\"https:\/\/toroequipment.com\/wp-content\/uploads\/2024\/06\/DA-6-280.jpg\" \/>\n\t<meta property=\"og:image:width\" content=\"1042\" \/>\n\t<meta property=\"og:image:height\" content=\"1042\" \/>\n\t<meta property=\"og:image:type\" content=\"image\/jpeg\" \/>\n<meta name=\"twitter:card\" content=\"summary_large_image\" \/>\n<meta name=\"twitter:label1\" content=\"Dur\u00e9e de lecture estim\u00e9e\" \/>\n\t<meta name=\"twitter:data1\" content=\"1 minute\" \/>\n<script type=\"application\/ld+json\" class=\"yoast-schema-graph\">{\"@context\":\"https:\/\/schema.org\",\"@graph\":[{\"@type\":\"WebPage\",\"@id\":\"https:\/\/toroequipment.com\/fr\/producto\/desensablage\/\",\"url\":\"https:\/\/toroequipment.com\/fr\/producto\/desensablage\/\",\"name\":\"D\u00e9sensablage - Toro Equipment\",\"isPartOf\":{\"@id\":\"https:\/\/toroequipment.com\/#website\"},\"primaryImageOfPage\":{\"@id\":\"https:\/\/toroequipment.com\/fr\/producto\/desensablage\/#primaryimage\"},\"image\":{\"@id\":\"https:\/\/toroequipment.com\/fr\/producto\/desensablage\/#primaryimage\"},\"thumbnailUrl\":\"https:\/\/toroequipment.com\/wp-content\/uploads\/2024\/06\/DA-6-280.jpg\",\"datePublished\":\"2024-06-25T07:26:24+00:00\",\"dateModified\":\"2024-08-26T06:21:46+00:00\",\"breadcrumb\":{\"@id\":\"https:\/\/toroequipment.com\/fr\/producto\/desensablage\/#breadcrumb\"},\"inLanguage\":\"fr-FR\",\"potentialAction\":[{\"@type\":\"ReadAction\",\"target\":[\"https:\/\/toroequipment.com\/fr\/producto\/desensablage\/\"]}]},{\"@type\":\"ImageObject\",\"inLanguage\":\"fr-FR\",\"@id\":\"https:\/\/toroequipment.com\/fr\/producto\/desensablage\/#primaryimage\",\"url\":\"https:\/\/toroequipment.com\/wp-content\/uploads\/2024\/06\/DA-6-280.jpg\",\"contentUrl\":\"https:\/\/toroequipment.com\/wp-content\/uploads\/2024\/06\/DA-6-280.jpg\",\"width\":1042,\"height\":1042},{\"@type\":\"BreadcrumbList\",\"@id\":\"https:\/\/toroequipment.com\/fr\/producto\/desensablage\/#breadcrumb\",\"itemListElement\":[{\"@type\":\"ListItem\",\"position\":1,\"name\":\"Home\",\"item\":\"https:\/\/toroequipment.com\/fr\/\"},{\"@type\":\"ListItem\",\"position\":2,\"name\":\"Productos\",\"item\":\"https:\/\/toroequipment.com\/es\/shop\/\"},{\"@type\":\"ListItem\",\"position\":3,\"name\":\"D\u00e9sensablage\"}]},{\"@type\":\"WebSite\",\"@id\":\"https:\/\/toroequipment.com\/#website\",\"url\":\"https:\/\/toroequipment.com\/\",\"name\":\"Toro Equipment\",\"description\":\"\",\"potentialAction\":[{\"@type\":\"SearchAction\",\"target\":{\"@type\":\"EntryPoint\",\"urlTemplate\":\"https:\/\/toroequipment.com\/?s={search_term_string}\"},\"query-input\":{\"@type\":\"PropertyValueSpecification\",\"valueRequired\":true,\"valueName\":\"search_term_string\"}}],\"inLanguage\":\"fr-FR\"}]}<\/script>\n<!-- \/ Yoast SEO plugin. -->","yoast_head_json":{"title":"D\u00e9sensablage - Toro Equipment","robots":{"index":"index","follow":"follow","max-snippet":"max-snippet:-1","max-image-preview":"max-image-preview:large","max-video-preview":"max-video-preview:-1"},"canonical":"https:\/\/toroequipment.com\/fr\/producto\/desensablage\/","og_locale":"fr_FR","og_type":"article","og_title":"D\u00e9sensablage - Toro Equipment","og_description":"Mat\u00e9riau : acier au carbone et acier inoxydable AISI 304 ou AISI 316. Mat\u00e9riau du bac \u00e0 sable: GRP ou acier inoxydable. *Vis \u00e0 arbre creux qui recueille et transporte les solides, atteignant un taux de dessablage de 97%.","og_url":"https:\/\/toroequipment.com\/fr\/producto\/desensablage\/","og_site_name":"Toro Equipment","article_modified_time":"2024-08-26T06:21:46+00:00","og_image":[{"width":1042,"height":1042,"url":"https:\/\/toroequipment.com\/wp-content\/uploads\/2024\/06\/DA-6-280.jpg","type":"image\/jpeg"}],"twitter_card":"summary_large_image","twitter_misc":{"Dur\u00e9e de lecture estim\u00e9e":"1 minute"},"schema":{"@context":"https:\/\/schema.org","@graph":[{"@type":"WebPage","@id":"https:\/\/toroequipment.com\/fr\/producto\/desensablage\/","url":"https:\/\/toroequipment.com\/fr\/producto\/desensablage\/","name":"D\u00e9sensablage - Toro Equipment","isPartOf":{"@id":"https:\/\/toroequipment.com\/#website"},"primaryImageOfPage":{"@id":"https:\/\/toroequipment.com\/fr\/producto\/desensablage\/#primaryimage"},"image":{"@id":"https:\/\/toroequipment.com\/fr\/producto\/desensablage\/#primaryimage"},"thumbnailUrl":"https:\/\/toroequipment.com\/wp-content\/uploads\/2024\/06\/DA-6-280.jpg","datePublished":"2024-06-25T07:26:24+00:00","dateModified":"2024-08-26T06:21:46+00:00","breadcrumb":{"@id":"https:\/\/toroequipment.com\/fr\/producto\/desensablage\/#breadcrumb"},"inLanguage":"fr-FR","potentialAction":[{"@type":"ReadAction","target":["https:\/\/toroequipment.com\/fr\/producto\/desensablage\/"]}]},{"@type":"ImageObject","inLanguage":"fr-FR","@id":"https:\/\/toroequipment.com\/fr\/producto\/desensablage\/#primaryimage","url":"https:\/\/toroequipment.com\/wp-content\/uploads\/2024\/06\/DA-6-280.jpg","contentUrl":"https:\/\/toroequipment.com\/wp-content\/uploads\/2024\/06\/DA-6-280.jpg","width":1042,"height":1042},{"@type":"BreadcrumbList","@id":"https:\/\/toroequipment.com\/fr\/producto\/desensablage\/#breadcrumb","itemListElement":[{"@type":"ListItem","position":1,"name":"Home","item":"https:\/\/toroequipment.com\/fr\/"},{"@type":"ListItem","position":2,"name":"Productos","item":"https:\/\/toroequipment.com\/es\/shop\/"},{"@type":"ListItem","position":3,"name":"D\u00e9sensablage"}]},{"@type":"WebSite","@id":"https:\/\/toroequipment.com\/#website","url":"https:\/\/toroequipment.com\/","name":"Toro Equipment","description":"","potentialAction":[{"@type":"SearchAction","target":{"@type":"EntryPoint","urlTemplate":"https:\/\/toroequipment.com\/?s={search_term_string}"},"query-input":{"@type":"PropertyValueSpecification","valueRequired":true,"valueName":"search_term_string"}}],"inLanguage":"fr-FR"}]}},"_links":{"self":[{"href":"https:\/\/toroequipment.com\/fr\/wp-json\/wp\/v2\/product\/6258","targetHints":{"allow":["GET"]}}],"collection":[{"href":"https:\/\/toroequipment.com\/fr\/wp-json\/wp\/v2\/product"}],"about":[{"href":"https:\/\/toroequipment.com\/fr\/wp-json\/wp\/v2\/types\/product"}],"replies":[{"embeddable":true,"href":"https:\/\/toroequipment.com\/fr\/wp-json\/wp\/v2\/comments?post=6258"}],"version-history":[{"count":2,"href":"https:\/\/toroequipment.com\/fr\/wp-json\/wp\/v2\/product\/6258\/revisions"}],"predecessor-version":[{"id":6418,"href":"https:\/\/toroequipment.com\/fr\/wp-json\/wp\/v2\/product\/6258\/revisions\/6418"}],"wp:featuredmedia":[{"embeddable":true,"href":"https:\/\/toroequipment.com\/fr\/wp-json\/wp\/v2\/media\/5236"}],"wp:attachment":[{"href":"https:\/\/toroequipment.com\/fr\/wp-json\/wp\/v2\/media?parent=6258"}],"wp:term":[{"taxonomy":"product_brand","embeddable":true,"href":"https:\/\/toroequipment.com\/fr\/wp-json\/wp\/v2\/product_brand?post=6258"},{"taxonomy":"product_cat","embeddable":true,"href":"https:\/\/toroequipment.com\/fr\/wp-json\/wp\/v2\/product_cat?post=6258"},{"taxonomy":"product_tag","embeddable":true,"href":"https:\/\/toroequipment.com\/fr\/wp-json\/wp\/v2\/product_tag?post=6258"}],"curies":[{"name":"wp","href":"https:\/\/api.w.org\/{rel}","templated":true}]}}