{"id":6545,"date":"2024-04-12T08:13:52","date_gmt":"2024-04-12T08:13:52","guid":{"rendered":"https:\/\/toroequipment.com\/politique-de-confidentialite\/"},"modified":"2024-08-30T07:36:41","modified_gmt":"2024-08-30T07:36:41","slug":"politique-de-confidentialite","status":"publish","type":"page","link":"https:\/\/toroequipment.com\/fr\/politique-de-confidentialite\/","title":{"rendered":"Politique de confidentialit\u00e9"},"content":{"rendered":"\t\t<div data-elementor-type=\"wp-page\" data-elementor-id=\"6545\" class=\"elementor elementor-6545 elementor-1340\" data-elementor-post-type=\"page\">\n\t\t\t\t<div class=\"elementor-element elementor-element-34f49ba e-con-full e-flex e-con e-parent\" data-id=\"34f49ba\" data-element_type=\"container\" data-settings=\"{&quot;background_background&quot;:&quot;classic&quot;}\">\n\t\t\t\t<div class=\"elementor-element elementor-element-aed89bf elementor-widget elementor-widget-heading\" data-id=\"aed89bf\" data-element_type=\"widget\" data-widget_type=\"heading.default\">\n\t\t\t\t<div class=\"elementor-widget-container\">\n\t\t\t\t\t<h2 class=\"elementor-heading-title elementor-size-default\">Politique de confidentialit\u00e9<\/h2>\t\t\t\t<\/div>\n\t\t\t\t<\/div>\n\t\t\t\t<\/div>\n\t\t<div class=\"elementor-element elementor-element-079e12e e-flex e-con-boxed e-con e-parent\" data-id=\"079e12e\" data-element_type=\"container\">\n\t\t\t\t\t<div class=\"e-con-inner\">\n\t\t\t\t<div class=\"elementor-element elementor-element-0c4b0e8 elementor-widget elementor-widget-text-editor\" data-id=\"0c4b0e8\" data-element_type=\"widget\" data-widget_type=\"text-editor.default\">\n\t\t\t\t<div class=\"elementor-widget-container\">\n\t\t\t\t\t\t\t\t\t<p><strong>Le Titulaire vous informe de sa Politique de Confidentialit\u00e9 concernant le traitement et la protection des donn\u00e9es personnelles des utilisateurs et clients qui peuvent \u00eatre collect\u00e9es lors de la navigation, de l&rsquo;achat d&rsquo;un produit ou de la souscription d&rsquo;un service via le Site Web : <a href=\"https:\/\/toroequipment.com\" target=\"_new\" rel=\"noopener\">https:\/\/toroequipment.com<\/a><\/strong><\/p><p>\u00c0 cet \u00e9gard, le Titulaire garantit le respect de la r\u00e9glementation en vigueur en mati\u00e8re de protection des donn\u00e9es personnelles, telle que d\u00e9finie par la Loi Organique 3\/2018 du 5 d\u00e9cembre, relative \u00e0 la Protection des Donn\u00e9es Personnelles et \u00e0 la Garantie des Droits Num\u00e9riques (LOPD GDD). Il se conforme \u00e9galement au R\u00e8glement (UE) 2016\/679 du Parlement Europ\u00e9en et du Conseil du 27 avril 2016 relatif \u00e0 la protection des personnes physiques (RGPD).<\/p><p>L&rsquo;utilisation du Site Web implique l&rsquo;acceptation de cette Politique de Confidentialit\u00e9.<\/p><h2>Identit\u00e9 du Responsable<\/h2><p>Responsable : Toro Equipment S.L.<br \/>NIF : B47546585<br \/>Adresse : Ctra. Nacional VP-3302, Km 11. Villavaquer\u00edn, 47329, Valladolid \u2013 Espagne.<br \/>Courriel : <a rel=\"noopener\">toro@toroequipment.com<\/a><br \/>T\u00e9l\u00e9phone de contact : +34 983 403 047<br \/>Site Web : <a href=\"https:\/\/toroequipment.com\" target=\"_new\" rel=\"noopener\">https:\/\/toroequipment.com<\/a><\/p><h2>Principes appliqu\u00e9s au traitement des donn\u00e9es<\/h2><p>Lors du traitement de vos donn\u00e9es personnelles, le Titulaire appliquera les principes suivants, conform\u00e9ment aux exigences du nouveau r\u00e8glement europ\u00e9en sur la protection des donn\u00e9es (RGPD) :<\/p><ul><li><strong>Principe de lic\u00e9it\u00e9, de loyaut\u00e9 et de transparence<\/strong> : Le Titulaire exigera toujours le consentement pour le traitement des donn\u00e9es personnelles, qui peut \u00eatre pour une ou plusieurs finalit\u00e9s sp\u00e9cifiques dont le Titulaire informera l&rsquo;Utilisateur au pr\u00e9alable avec une transparence absolue.<\/li><li><strong>Principe de minimisation des donn\u00e9es<\/strong> : Le Titulaire ne demandera que les donn\u00e9es strictement n\u00e9cessaires pour la finalit\u00e9 ou les finalit\u00e9s pour lesquelles elles sont collect\u00e9es.<\/li><li><strong>Principe de limitation de la dur\u00e9e de conservation<\/strong> : Le Titulaire conservera les donn\u00e9es personnelles collect\u00e9es pendant le temps strictement n\u00e9cessaire \u00e0 la r\u00e9alisation de la ou des finalit\u00e9s du traitement. Le Titulaire informera l&rsquo;Utilisateur de la dur\u00e9e de conservation en fonction de la finalit\u00e9. En cas d&rsquo;abonnement, le Titulaire examinera p\u00e9riodiquement les listes et supprimera les enregistrements inactifs pendant une dur\u00e9e consid\u00e9rable.<\/li><li><strong>Principe d&rsquo;int\u00e9grit\u00e9 et de confidentialit\u00e9<\/strong> : Les donn\u00e9es personnelles collect\u00e9es seront trait\u00e9es de mani\u00e8re \u00e0 garantir leur s\u00e9curit\u00e9, confidentialit\u00e9 et int\u00e9grit\u00e9. Le Titulaire prend les pr\u00e9cautions n\u00e9cessaires pour \u00e9viter l&rsquo;acc\u00e8s non autoris\u00e9 ou l&rsquo;utilisation abusive des donn\u00e9es de ses utilisateurs par des tiers.<\/li><\/ul><h2>Collecte des donn\u00e9es personnelles<\/h2><p>Il n&rsquo;est pas n\u00e9cessaire de fournir de donn\u00e9es personnelles pour naviguer sur le site Web.<\/p><h2>Droits<\/h2><p>Le Titulaire vous informe que vous avez le droit de :<\/p><ul><li>Demander l&rsquo;acc\u00e8s aux donn\u00e9es stock\u00e9es.<\/li><li>Demander une rectification ou une suppression.<\/li><li>Demander la limitation de leur traitement.<\/li><li>S&rsquo;opposer au traitement.<\/li><\/ul><p>Vous ne pouvez pas exercer le droit \u00e0 la portabilit\u00e9 des donn\u00e9es.<\/p><p>L&rsquo;exercice de ces droits est personnel et doit donc \u00eatre exerc\u00e9 directement par la personne concern\u00e9e, en adressant sa demande directement au Titulaire. Cela signifie que tout client, abonn\u00e9 ou collaborateur ayant fourni ses donn\u00e9es \u00e0 un moment donn\u00e9 peut contacter le Titulaire et demander des informations sur les donn\u00e9es stock\u00e9es, demander leur rectification, s&rsquo;opposer au traitement, limiter leur utilisation ou demander la suppression de ces donn\u00e9es dans les fichiers du Titulaire.<\/p><p>Pour exercer vos droits, vous devez envoyer votre demande accompagn\u00e9e d&rsquo;une photocopie de votre pi\u00e8ce d&rsquo;identit\u00e9 ou \u00e9quivalent \u00e0 l&rsquo;adresse \u00e9lectronique suivante : <a rel=\"noopener\">toro@toroequipment.com<\/a><\/p><p>L&rsquo;exercice de ces droits n&rsquo;inclut aucun des donn\u00e9es que le Titulaire est tenu de conserver \u00e0 des fins administratives, l\u00e9gales ou de s\u00e9curit\u00e9.<\/p><p>Vous avez le droit de demander une protection juridique effective et de d\u00e9poser une plainte aupr\u00e8s de l&rsquo;autorit\u00e9 de contr\u00f4le, en l&rsquo;occurrence l&rsquo;Agence Espagnole de Protection des Donn\u00e9es, si vous estimez que le traitement des donn\u00e9es personnelles vous concernant enfreint le R\u00e8glement.<\/p><h2>Finalit\u00e9 du traitement des donn\u00e9es personnelles<\/h2><p>Lorsque vous vous connectez au Site Web pour envoyer un courriel au Titulaire, vous abonner \u00e0 son bulletin d&rsquo;information ou souscrire un produit ou un service, vous fournissez des informations personnelles dont le Titulaire est responsable. Ces informations peuvent inclure des donn\u00e9es personnelles telles que votre adresse IP, nom, pr\u00e9nom, adresse physique, adresse \u00e9lectronique, num\u00e9ro de t\u00e9l\u00e9phone, et d&rsquo;autres informations. En fournissant ces informations, vous donnez votre consentement pour que vos informations soient collect\u00e9es, utilis\u00e9es, g\u00e9r\u00e9es et stock\u00e9es par Toro Equipment S.L.<\/p><p>Les donn\u00e9es personnelles et la finalit\u00e9 du traitement par le Titulaire diff\u00e8rent selon le syst\u00e8me de collecte de l&rsquo;information :<\/p><ul><li><strong>Formulaires de souscription de produits ou services<\/strong> : Le Titulaire demande des donn\u00e9es personnelles, parmi lesquelles peuvent figurer : nom, pr\u00e9nom, document d&rsquo;identit\u00e9 (num\u00e9ro d&rsquo;identification fiscale, num\u00e9ro d&rsquo;identification d&rsquo;\u00e9tranger, passeport ou permis de r\u00e9sidence), adresse \u00e9lectronique, adresse postale, num\u00e9ro de t\u00e9l\u00e9phone et donn\u00e9es de paiement (moyens de paiement ou donn\u00e9es bancaires) afin de maintenir une relation commerciale avec l&rsquo;Utilisateur, de r\u00e9aliser l&rsquo;envoi des commandes, de fournir les services souscrits et de r\u00e9aliser la facturation et le recouvrement des produits ou services souscrits.<\/li><\/ul><p>Il existe d&rsquo;autres finalit\u00e9s pour lesquelles le Titulaire traite des donn\u00e9es personnelles :<\/p><ul><li>Pour garantir le respect des conditions \u00e9nonc\u00e9es dans la loi applicable. Cela peut inclure le d\u00e9veloppement d&rsquo;outils et d&rsquo;algorithmes qui aident le Site Web \u00e0 garantir la confidentialit\u00e9 des donn\u00e9es personnelles qu&rsquo;il collecte.<\/li><li>Pour soutenir et am\u00e9liorer les services offerts par ce Site Web.<\/li><li>Pour g\u00e9rer les r\u00e9seaux sociaux. Le Titulaire a une pr\u00e9sence sur les r\u00e9seaux sociaux. Si vous devenez un abonn\u00e9 sur les r\u00e9seaux sociaux du Titulaire, le traitement des donn\u00e9es personnelles sera r\u00e9gi par cette section, ainsi que par les conditions d&rsquo;utilisation, les politiques de confidentialit\u00e9 et les r\u00e9glementations d&rsquo;acc\u00e8s appartenant au r\u00e9seau social concern\u00e9, que vous avez accept\u00e9es pr\u00e9alablement. Vous pouvez consulter les politiques de confidentialit\u00e9 des principaux r\u00e9seaux sociaux \u00e0 ces liens :<ul><li><a href=\"https:\/\/www.facebook.com\" target=\"_new\" rel=\"noopener\">Facebook<\/a><\/li><li><a href=\"https:\/\/www.twitter.com\" target=\"_new\" rel=\"noopener\">Twitter<\/a><\/li><li><a href=\"https:\/\/www.linkedin.com\" target=\"_new\" rel=\"noopener\">LinkedIn<\/a><\/li><li><a href=\"https:\/\/www.youtube.com\" target=\"_new\" rel=\"noopener\">YouTube<\/a><\/li><li><a href=\"https:\/\/www.instagram.com\" target=\"_new\" rel=\"noopener\">Instagram<\/a><\/li><\/ul><\/li><\/ul><p>Le Titulaire traitera vos donn\u00e9es personnelles dans le but de g\u00e9rer correctement sa pr\u00e9sence sur le r\u00e9seau social, de vous informer de ses activit\u00e9s, produits ou services, ainsi que pour toute autre finalit\u00e9 permise par les r\u00e9glementations des r\u00e9seaux sociaux.<\/p><p>En aucun cas, le Titulaire n&rsquo;utilisera les profils des abonn\u00e9s sur les r\u00e9seaux sociaux pour envoyer de la publicit\u00e9 individuellement.<\/p><h2>S\u00e9curit\u00e9 des donn\u00e9es personnelles<\/h2><p>Pour prot\u00e9ger vos donn\u00e9es personnelles, le Titulaire prend toutes les pr\u00e9cautions raisonnables et suit les meilleures pratiques de l&rsquo;industrie pour \u00e9viter leur perte, mauvaise utilisation, acc\u00e8s non autoris\u00e9, divulgation, alt\u00e9ration ou destruction.<\/p><p>Vos donn\u00e9es peuvent \u00eatre int\u00e9gr\u00e9es \u00e0 un fichier de liste de diffusion, dont le Titulaire est responsable de la gestion et du traitement. La s\u00e9curit\u00e9 de vos donn\u00e9es est garantie, car le Titulaire prend toutes les mesures de s\u00e9curit\u00e9 n\u00e9cessaires et garantit que les donn\u00e9es personnelles ne seront utilis\u00e9es qu&rsquo;\u00e0 des fins d\u00e9termin\u00e9es.<\/p><p>Le Titulaire informe l&rsquo;Utilisateur que ses donn\u00e9es personnelles ne seront pas transf\u00e9r\u00e9es \u00e0 des tiers, sauf si ce transfert de donn\u00e9es est justifi\u00e9 par une obligation l\u00e9gale ou lorsque la prestation d&rsquo;un service n\u00e9cessite une relation contractuelle avec un responsable du traitement. Dans ce dernier cas, le transfert des donn\u00e9es \u00e0 un tiers ne sera effectu\u00e9 que lorsque le Titulaire aura obtenu le consentement expr\u00e8s de l&rsquo;Utilisateur.<\/p><p>Cependant, dans certains cas, des collaborations avec d&rsquo;autres professionnels peuvent \u00eatre r\u00e9alis\u00e9es ; dans ces cas, le consentement de l&rsquo;Utilisateur sera requis, en l&rsquo;informant de l&rsquo;identit\u00e9 du collaborateur et de la finalit\u00e9 de la collaboration. Cela sera toujours r\u00e9alis\u00e9 avec les normes de s\u00e9curit\u00e9 les plus strictes.<\/p><h2>Contenu d&rsquo;autres sites Web<\/h2><p>Les pages de ce site Web peuvent inclure du contenu int\u00e9gr\u00e9 (par exemple, des vid\u00e9os, des images, des articles, etc.). Le contenu int\u00e9gr\u00e9 d&rsquo;autres sites Web se comporte de la m\u00eame mani\u00e8re que si vous aviez visit\u00e9 l&rsquo;autre site Web.<\/p><p>Ces sites Web peuvent collecter des donn\u00e9es sur vous, utiliser des cookies, int\u00e9grer un suivi suppl\u00e9mentaire par des tiers, et surveiller votre interaction avec ce contenu int\u00e9gr\u00e9, y compris le suivi de votre interaction avec le contenu int\u00e9gr\u00e9 si vous avez un compte et \u00eates connect\u00e9 \u00e0 ce site Web.<\/p><h2>Politique de cookies<\/h2><p>Pour que ce site Web fonctionne correctement, il est n\u00e9cessaire d&rsquo;utiliser des cookies, qui sont des informations stock\u00e9es dans votre navigateur Web.<\/p><h2>L\u00e9gitimit\u00e9 du traitement des donn\u00e9es<\/h2><p>La base l\u00e9gale pour le traitement de vos donn\u00e9es est :<\/p><ul><li>Le consentement de la personne concern\u00e9e.<\/li><li>L&rsquo;ex\u00e9cution du contrat ou la mise en \u0153uvre de mesures pr\u00e9contractuelles avec la personne concern\u00e9e, afin de lui fournir un produit ou service souscrit aupr\u00e8s du Titulaire.<\/li><li>Pour se conformer aux obligations l\u00e9gales.<\/li><\/ul><h2>Cat\u00e9gories de donn\u00e9es personnelles<\/h2><p>Les cat\u00e9gories de donn\u00e9es personnelles que traite le Titulaire sont :<\/p><ul><li>Donn\u00e9es d&rsquo;identification.<\/li><li>Aucune cat\u00e9gorie de donn\u00e9es particuli\u00e8rement prot\u00e9g\u00e9es n&rsquo;est trait\u00e9e.<\/li><\/ul><h2>Conservation des donn\u00e9es personnelles<\/h2><p>Les donn\u00e9es personnelles fournies au Titulaire seront conserv\u00e9es jusqu&rsquo;\u00e0 ce que vous demandiez leur suppression.<\/p><h2>Destinataires des donn\u00e9es personnelles<\/h2><p>Google Analytics est un service d&rsquo;analyse Web fourni par Google, Inc., une soci\u00e9t\u00e9 de Delaware dont le si\u00e8ge principal est situ\u00e9 au 1600 Amphitheatre Parkway, Mountain View (Californie), CA 94043, \u00c9tats-Unis (\u00ab\u00a0Google\u00a0\u00bb). Google Analytics utilise des \u00ab\u00a0cookies\u00a0\u00bb, qui sont des fichiers texte plac\u00e9s sur votre ordinateur, pour aider le Titulaire \u00e0 analyser l&rsquo;utilisation du site Web par les Utilisateurs. Les informations g\u00e9n\u00e9r\u00e9es par le cookie concernant l&rsquo;utilisation du site Web (y compris l&rsquo;adresse IP) seront directement transmises et stock\u00e9es par Google sur des serveurs situ\u00e9s aux \u00c9tats-Unis. Plus d&rsquo;informations sur : <a href=\"https:\/\/analytics.google.com\" target=\"_new\" rel=\"noopener\">https:\/\/analytics.google.com<\/a> Vous pouvez consulter la mani\u00e8re dont Google g\u00e8re la confidentialit\u00e9 en ce qui concerne l&rsquo;utilisation des cookies et d&rsquo;autres informations sur la page Politique de confidentialit\u00e9 de Google : <a target=\"_new\" rel=\"noopener\">https:\/\/policies.google.com\/privacy?hl=fr<\/a><\/p><p>Vous pouvez \u00e9galement voir une liste des types de cookies utilis\u00e9s par Google et ses partenaires, ainsi que toutes les informations relatives \u00e0 l&rsquo;utilisation qu&rsquo;ils font des cookies publicitaires sur :<\/p><p>Types de cookies utilis\u00e9s par Google Comment Google utilise les cookies en publicit\u00e9.<\/p><h2>Navigation Web<\/h2><p>En naviguant sur le Site Web, des donn\u00e9es non identifiables peuvent \u00eatre collect\u00e9es, qui peuvent inclure l&rsquo;adresse IP, la g\u00e9olocalisation, un enregistrement de la mani\u00e8re dont les services et les sites sont utilis\u00e9s, les habitudes de navigation et d&rsquo;autres donn\u00e9es qui ne peuvent pas \u00eatre utilis\u00e9es pour vous identifier.<\/p><p>Le site Web utilise les services d&rsquo;analyse de tiers suivants :<\/p><ul><li>Google Analytics.<\/li><\/ul><p>Le Titulaire utilise les informations obtenues pour obtenir des donn\u00e9es statistiques, analyser les tendances, administrer le site, \u00e9tudier les sch\u00e9mas de navigation et collecter des informations d\u00e9mographiques.<\/p><p>Le Titulaire n&rsquo;est pas responsable du traitement des donn\u00e9es personnelles effectu\u00e9 par les sites Web auxquels vous pouvez acc\u00e9der via les diff\u00e9rents liens contenus sur le Site Web.<\/p><h2>Exactitude et v\u00e9racit\u00e9 des donn\u00e9es personnelles<\/h2><p>Vous vous engagez \u00e0 ce que les donn\u00e9es fournies au Titulaire soient correctes, compl\u00e8tes, exactes et \u00e0 jour, et \u00e0 les maintenir d\u00fbment mises \u00e0 jour.<\/p><p>En tant qu&rsquo;Utilisateur du Site Web, vous \u00eates seul responsable de la v\u00e9racit\u00e9 et de l&rsquo;exactitude des donn\u00e9es transmises au Site Web, d\u00e9gageant ainsi le Titulaire de toute responsabilit\u00e9 \u00e0 cet \u00e9gard.<\/p><h2>Acceptation et consentement<\/h2><p>En tant qu&rsquo;Utilisateur du Site Web, vous d\u00e9clarez avoir \u00e9t\u00e9 inform\u00e9 des conditions relatives \u00e0 la protection des donn\u00e9es personnelles, vous acceptez et consentez au traitement de celles-ci par le Titulaire de la mani\u00e8re et aux fins indiqu\u00e9es dans cette Politique de Confidentialit\u00e9.<\/p><p>Pour contacter le Titulaire, vous abonner \u00e0 un bulletin ou faire des commentaires sur ce site Web, vous devez accepter la pr\u00e9sente Politique de Confidentialit\u00e9.<\/p><h2>Modifications de la Politique de Confidentialit\u00e9<\/h2><p>Le Titulaire se r\u00e9serve le droit de modifier la pr\u00e9sente Politique de Confidentialit\u00e9 pour l&rsquo;adapter aux nouveaut\u00e9s l\u00e9gislatives ou jurisprudentielles, ainsi qu&rsquo;aux pratiques de l&rsquo;industrie.<\/p><p>Ces politiques resteront en vigueur jusqu&rsquo;\u00e0 ce qu&rsquo;elles soient modifi\u00e9es par d&rsquo;autres d\u00fbment publi\u00e9es.<\/p>\t\t\t\t\t\t\t\t<\/div>\n\t\t\t\t<\/div>\n\t\t\t\t\t<\/div>\n\t\t\t\t<\/div>\n\t\t\t\t<\/div>\n\t\t","protected":false},"excerpt":{"rendered":"<p>Le Titulaire vous informe de sa Politique de Confidentialit\u00e9 concernant le traitement et la protection des donn\u00e9es personnelles des utilisateurs et clients qui peuvent \u00eatre collect\u00e9es lors de la navigation, de l&rsquo;achat d&rsquo;un produit ou de la souscription d&rsquo;un service via le Site Web : https:\/\/toroequipment.com \u00c0 cet \u00e9gard, le Titulaire garantit le respect de [&hellip;]<\/p>\n","protected":false},"author":1,"featured_media":0,"parent":0,"menu_order":0,"comment_status":"closed","ping_status":"closed","template":"elementor_header_footer","meta":{"_acf_changed":false,"footnotes":""},"class_list":["post-6545","page","type-page","status-publish","hentry"],"acf":[],"yoast_head":"<!-- This site is optimized with the Yoast SEO plugin v25.2 - https:\/\/yoast.com\/wordpress\/plugins\/seo\/ -->\n<title>Politique de confidentialit\u00e9 - Toro Equipment<\/title>\n<meta name=\"robots\" content=\"index, follow, max-snippet:-1, max-image-preview:large, max-video-preview:-1\" \/>\n<link rel=\"canonical\" href=\"https:\/\/toroequipment.com\/fr\/politique-de-confidentialite\/\" \/>\n<meta property=\"og:locale\" content=\"fr_FR\" \/>\n<meta property=\"og:type\" content=\"article\" \/>\n<meta property=\"og:title\" content=\"Politique de confidentialit\u00e9 - Toro Equipment\" \/>\n<meta property=\"og:description\" content=\"Le Titulaire vous informe de sa Politique de Confidentialit\u00e9 concernant le traitement et la protection des donn\u00e9es personnelles des utilisateurs et clients qui peuvent \u00eatre collect\u00e9es lors de la navigation, de l&rsquo;achat d&rsquo;un produit ou de la souscription d&rsquo;un service via le Site Web : https:\/\/toroequipment.com \u00c0 cet \u00e9gard, le Titulaire garantit le respect de [&hellip;]\" \/>\n<meta property=\"og:url\" content=\"https:\/\/toroequipment.com\/fr\/politique-de-confidentialite\/\" \/>\n<meta property=\"og:site_name\" content=\"Toro Equipment\" \/>\n<meta property=\"article:modified_time\" content=\"2024-08-30T07:36:41+00:00\" \/>\n<meta name=\"twitter:card\" content=\"summary_large_image\" \/>\n<meta name=\"twitter:label1\" content=\"Dur\u00e9e de lecture estim\u00e9e\" \/>\n\t<meta name=\"twitter:data1\" content=\"10 minutes\" \/>\n<script type=\"application\/ld+json\" class=\"yoast-schema-graph\">{\"@context\":\"https:\/\/schema.org\",\"@graph\":[{\"@type\":\"WebPage\",\"@id\":\"https:\/\/toroequipment.com\/fr\/politique-de-confidentialite\/\",\"url\":\"https:\/\/toroequipment.com\/fr\/politique-de-confidentialite\/\",\"name\":\"Politique de confidentialit\u00e9 - Toro Equipment\",\"isPartOf\":{\"@id\":\"https:\/\/toroequipment.com\/#website\"},\"datePublished\":\"2024-04-12T08:13:52+00:00\",\"dateModified\":\"2024-08-30T07:36:41+00:00\",\"breadcrumb\":{\"@id\":\"https:\/\/toroequipment.com\/fr\/politique-de-confidentialite\/#breadcrumb\"},\"inLanguage\":\"fr-FR\",\"potentialAction\":[{\"@type\":\"ReadAction\",\"target\":[\"https:\/\/toroequipment.com\/fr\/politique-de-confidentialite\/\"]}]},{\"@type\":\"BreadcrumbList\",\"@id\":\"https:\/\/toroequipment.com\/fr\/politique-de-confidentialite\/#breadcrumb\",\"itemListElement\":[{\"@type\":\"ListItem\",\"position\":1,\"name\":\"Home\",\"item\":\"https:\/\/toroequipment.com\/fr\/\"},{\"@type\":\"ListItem\",\"position\":2,\"name\":\"Politique de confidentialit\u00e9\"}]},{\"@type\":\"WebSite\",\"@id\":\"https:\/\/toroequipment.com\/#website\",\"url\":\"https:\/\/toroequipment.com\/\",\"name\":\"Toro Equipment\",\"description\":\"\",\"potentialAction\":[{\"@type\":\"SearchAction\",\"target\":{\"@type\":\"EntryPoint\",\"urlTemplate\":\"https:\/\/toroequipment.com\/?s={search_term_string}\"},\"query-input\":{\"@type\":\"PropertyValueSpecification\",\"valueRequired\":true,\"valueName\":\"search_term_string\"}}],\"inLanguage\":\"fr-FR\"}]}<\/script>\n<!-- \/ Yoast SEO plugin. -->","yoast_head_json":{"title":"Politique de confidentialit\u00e9 - Toro Equipment","robots":{"index":"index","follow":"follow","max-snippet":"max-snippet:-1","max-image-preview":"max-image-preview:large","max-video-preview":"max-video-preview:-1"},"canonical":"https:\/\/toroequipment.com\/fr\/politique-de-confidentialite\/","og_locale":"fr_FR","og_type":"article","og_title":"Politique de confidentialit\u00e9 - Toro Equipment","og_description":"Le Titulaire vous informe de sa Politique de Confidentialit\u00e9 concernant le traitement et la protection des donn\u00e9es personnelles des utilisateurs et clients qui peuvent \u00eatre collect\u00e9es lors de la navigation, de l&rsquo;achat d&rsquo;un produit ou de la souscription d&rsquo;un service via le Site Web : https:\/\/toroequipment.com \u00c0 cet \u00e9gard, le Titulaire garantit le respect de [&hellip;]","og_url":"https:\/\/toroequipment.com\/fr\/politique-de-confidentialite\/","og_site_name":"Toro Equipment","article_modified_time":"2024-08-30T07:36:41+00:00","twitter_card":"summary_large_image","twitter_misc":{"Dur\u00e9e de lecture estim\u00e9e":"10 minutes"},"schema":{"@context":"https:\/\/schema.org","@graph":[{"@type":"WebPage","@id":"https:\/\/toroequipment.com\/fr\/politique-de-confidentialite\/","url":"https:\/\/toroequipment.com\/fr\/politique-de-confidentialite\/","name":"Politique de confidentialit\u00e9 - Toro Equipment","isPartOf":{"@id":"https:\/\/toroequipment.com\/#website"},"datePublished":"2024-04-12T08:13:52+00:00","dateModified":"2024-08-30T07:36:41+00:00","breadcrumb":{"@id":"https:\/\/toroequipment.com\/fr\/politique-de-confidentialite\/#breadcrumb"},"inLanguage":"fr-FR","potentialAction":[{"@type":"ReadAction","target":["https:\/\/toroequipment.com\/fr\/politique-de-confidentialite\/"]}]},{"@type":"BreadcrumbList","@id":"https:\/\/toroequipment.com\/fr\/politique-de-confidentialite\/#breadcrumb","itemListElement":[{"@type":"ListItem","position":1,"name":"Home","item":"https:\/\/toroequipment.com\/fr\/"},{"@type":"ListItem","position":2,"name":"Politique de confidentialit\u00e9"}]},{"@type":"WebSite","@id":"https:\/\/toroequipment.com\/#website","url":"https:\/\/toroequipment.com\/","name":"Toro Equipment","description":"","potentialAction":[{"@type":"SearchAction","target":{"@type":"EntryPoint","urlTemplate":"https:\/\/toroequipment.com\/?s={search_term_string}"},"query-input":{"@type":"PropertyValueSpecification","valueRequired":true,"valueName":"search_term_string"}}],"inLanguage":"fr-FR"}]}},"_links":{"self":[{"href":"https:\/\/toroequipment.com\/fr\/wp-json\/wp\/v2\/pages\/6545","targetHints":{"allow":["GET"]}}],"collection":[{"href":"https:\/\/toroequipment.com\/fr\/wp-json\/wp\/v2\/pages"}],"about":[{"href":"https:\/\/toroequipment.com\/fr\/wp-json\/wp\/v2\/types\/page"}],"author":[{"embeddable":true,"href":"https:\/\/toroequipment.com\/fr\/wp-json\/wp\/v2\/users\/1"}],"replies":[{"embeddable":true,"href":"https:\/\/toroequipment.com\/fr\/wp-json\/wp\/v2\/comments?post=6545"}],"version-history":[{"count":4,"href":"https:\/\/toroequipment.com\/fr\/wp-json\/wp\/v2\/pages\/6545\/revisions"}],"predecessor-version":[{"id":6550,"href":"https:\/\/toroequipment.com\/fr\/wp-json\/wp\/v2\/pages\/6545\/revisions\/6550"}],"wp:attachment":[{"href":"https:\/\/toroequipment.com\/fr\/wp-json\/wp\/v2\/media?parent=6545"}],"curies":[{"name":"wp","href":"https:\/\/api.w.org\/{rel}","templated":true}]}}