{"id":6538,"date":"2024-04-12T08:16:27","date_gmt":"2024-04-12T08:16:27","guid":{"rendered":"https:\/\/toroequipment.com\/mentions-legales\/"},"modified":"2024-08-30T07:25:49","modified_gmt":"2024-08-30T07:25:49","slug":"mentions-legales","status":"publish","type":"page","link":"https:\/\/toroequipment.com\/fr\/mentions-legales\/","title":{"rendered":"Mentions l\u00e9gales"},"content":{"rendered":"\t\t<div data-elementor-type=\"wp-page\" data-elementor-id=\"6538\" class=\"elementor elementor-6538 elementor-1346\" data-elementor-post-type=\"page\">\n\t\t\t\t<div class=\"elementor-element elementor-element-26f929c e-con-full e-flex e-con e-parent\" data-id=\"26f929c\" data-element_type=\"container\" data-settings=\"{&quot;background_background&quot;:&quot;classic&quot;}\">\n\t\t\t\t<div class=\"elementor-element elementor-element-2fca5d0 elementor-widget elementor-widget-heading\" data-id=\"2fca5d0\" data-element_type=\"widget\" data-widget_type=\"heading.default\">\n\t\t\t\t<div class=\"elementor-widget-container\">\n\t\t\t\t\t<h2 class=\"elementor-heading-title elementor-size-default\">Mentions l\u00e9gales<\/h2>\t\t\t\t<\/div>\n\t\t\t\t<\/div>\n\t\t\t\t<\/div>\n\t\t<div class=\"elementor-element elementor-element-fec21d1 e-flex e-con-boxed e-con e-parent\" data-id=\"fec21d1\" data-element_type=\"container\">\n\t\t\t\t\t<div class=\"e-con-inner\">\n\t\t\t\t<div class=\"elementor-element elementor-element-32d3790 elementor-widget elementor-widget-text-editor\" data-id=\"32d3790\" data-element_type=\"widget\" data-widget_type=\"text-editor.default\">\n\t\t\t\t<div class=\"elementor-widget-container\">\n\t\t\t\t\t\t\t\t\t<h2>Identification et Titularit\u00e9<\/h2><p>Conform\u00e9ment \u00e0 l&rsquo;article 10 de la Loi 34\/2002, du 11 juillet, relative aux Services de la Soci\u00e9t\u00e9 de l&rsquo;Information et du Commerce \u00c9lectronique, le Titulaire expose ses informations d&rsquo;identification :<\/p><p>Titulaire : Toro Equipment S.L.<br \/>NIF : B47546585<br \/>Adresse : Ctra. Nacional VP-3302, Km 11. Villavaquer\u00edn, 47329, Valladolid \u2013 Espagne.<br \/>Courriel : <a rel=\"noopener\">toro@toroequipment.com<\/a><br \/>T\u00e9l\u00e9phone de contact : +34 983 403 047<br \/>Site Web : <a href=\"https:\/\/toroequipment.com\" target=\"_new\" rel=\"noopener\">https:\/\/toroequipment.com<\/a><\/p><h2>\u00a0<\/h2><h2>Objectif<\/h2><p>L&rsquo;objectif du Site Web est : Fabrication d&rsquo;\u00e9quipements pour le traitement des eaux us\u00e9es.<\/p><h2>\u00a0<\/h2><h2>Conditions d&rsquo;utilisation<\/h2><p>L&rsquo;utilisation du Site Web vous conf\u00e8re la qualit\u00e9 d&rsquo;Utilisateur, et implique l&rsquo;acceptation pleine et enti\u00e8re de toutes les clauses et conditions d&rsquo;utilisation incluses dans les pages :<\/p><p>Mentions l\u00e9gales<\/p><p>Si vous n&rsquo;\u00eates pas d&rsquo;accord avec chacune de ces clauses et conditions, veuillez vous abstenir d&rsquo;utiliser le Site Web.<\/p><p>L&rsquo;acc\u00e8s au Site Web ne suppose en aucun cas le d\u00e9but d&rsquo;une relation commerciale avec le Titulaire.<\/p><p>\u00c0 travers le Site Web, le Titulaire vous permet d&rsquo;acc\u00e9der et d&rsquo;utiliser divers contenus que le Titulaire et\/ou ses collaborateurs ont publi\u00e9s sur Internet.<\/p><p>\u00c0 cet effet, vous \u00eates tenu et engag\u00e9 \u00e0 ne PAS utiliser l&rsquo;un quelconque des contenus du Site Web \u00e0 des fins ou avec des effets illicites, interdits par le pr\u00e9sent Avis L\u00e9gal ou par la l\u00e9gislation en vigueur, pr\u00e9judiciables aux droits et int\u00e9r\u00eats de tiers, ou qui, de quelque mani\u00e8re que ce soit, pourraient endommager, d\u00e9sactiver, surcharger, d\u00e9t\u00e9riorer ou emp\u00eacher l&rsquo;utilisation normale des contenus, des \u00e9quipements informatiques ou des documents, fichiers et tout type de contenu stock\u00e9 sur n&rsquo;importe quel \u00e9quipement informatique appartenant ou sous-trait\u00e9 par le Titulaire, par d&rsquo;autres utilisateurs ou par tout utilisateur d&rsquo;Internet.<\/p><h2>\u00a0<\/h2><h2>Mesures de s\u00e9curit\u00e9<\/h2><p>Les donn\u00e9es personnelles que vous fournissez au Titulaire peuvent \u00eatre stock\u00e9es dans des bases de donn\u00e9es automatis\u00e9es ou non, dont la propri\u00e9t\u00e9 appartient exclusivement au Titulaire, qui assume toutes les mesures techniques, organisationnelles et de s\u00e9curit\u00e9 n\u00e9cessaires pour garantir la confidentialit\u00e9, l&rsquo;int\u00e9grit\u00e9 et la qualit\u00e9 des informations contenues conform\u00e9ment \u00e0 la r\u00e9glementation en vigueur sur la protection des donn\u00e9es.<\/p><p>Cependant, vous devez \u00eatre conscient que les mesures de s\u00e9curit\u00e9 des syst\u00e8mes informatiques sur Internet ne sont pas enti\u00e8rement fiables et que, par cons\u00e9quent, le Titulaire ne peut garantir l&rsquo;absence de virus ou d&rsquo;autres \u00e9l\u00e9ments pouvant provoquer des alt\u00e9rations dans les syst\u00e8mes informatiques (logiciels et mat\u00e9riels) de l&rsquo;Utilisateur ou dans ses documents \u00e9lectroniques et fichiers qui y sont contenus, bien que le Titulaire mette en \u0153uvre tous les moyens n\u00e9cessaires et prenne les mesures de s\u00e9curit\u00e9 appropri\u00e9es pour \u00e9viter la pr\u00e9sence de ces \u00e9l\u00e9ments nuisibles.<\/p><h2>\u00a0<\/h2><h2>Contenus<\/h2><p>Le Titulaire a obtenu les informations, le contenu multim\u00e9dia et les mat\u00e9riaux inclus sur le Site Web de sources qu&rsquo;il consid\u00e8re fiables, mais, bien qu&rsquo;il ait pris toutes les mesures raisonnables pour s&rsquo;assurer que l&rsquo;information contenue est correcte, le Titulaire ne garantit pas qu&rsquo;elle soit exacte, compl\u00e8te ou \u00e0 jour. Le Titulaire d\u00e9cline express\u00e9ment toute responsabilit\u00e9 en cas d&rsquo;erreur ou d&rsquo;omission dans les informations contenues sur les pages du Site Web.<\/p><p>Il est interdit de transmettre ou d&rsquo;envoyer \u00e0 travers le Site Web tout contenu ill\u00e9gal ou illicite, des virus informatiques, ou des messages qui, en g\u00e9n\u00e9ral, affectent ou violent les droits du Titulaire ou de tiers.<\/p><p>Les contenus du Site Web ont uniquement une finalit\u00e9 informative et ne doivent en aucun cas \u00eatre utilis\u00e9s ou consid\u00e9r\u00e9s comme une offre de vente, une demande d&rsquo;offre d&rsquo;achat ou une recommandation pour r\u00e9aliser toute autre op\u00e9ration, sauf indication expresse.<\/p><p>Le Titulaire se r\u00e9serve le droit de modifier, suspendre, annuler ou restreindre le contenu du Site Web, les liens ou les informations obtenues \u00e0 travers le Site Web, sans pr\u00e9avis.<\/p><p>Le Titulaire n&rsquo;est pas responsable des dommages et int\u00e9r\u00eats qui pourraient d\u00e9couler de l&rsquo;utilisation des informations du Site Web ou de celles contenues dans les r\u00e9seaux sociaux du Titulaire.<\/p><h2>\u00a0<\/h2><h2>Politique de cookies<\/h2><p>Le Titulaire obtient et conserve les informations suivantes sur les visiteurs du Site Web :<\/p><ul><li>Le nom de domaine du fournisseur (PSI) et\/ou l&rsquo;adresse IP qui donne acc\u00e8s au r\u00e9seau.<\/li><li>La date et l&rsquo;heure d&rsquo;acc\u00e8s au site Web.<\/li><li>L&rsquo;adresse Internet d&rsquo;origine du lien qui m\u00e8ne au site Web.<\/li><li>Le nombre de visiteurs quotidiens de chaque section.<\/li><\/ul><p>Les informations obtenues sont totalement anonymes, et ne peuvent en aucun cas \u00eatre associ\u00e9es \u00e0 un Utilisateur concret et identifi\u00e9.<\/p><h2>\u00a0<\/h2><h2>Liens vers d&rsquo;autres sites Web<\/h2><p>Le Titulaire peut vous fournir un acc\u00e8s \u00e0 des sites Web de tiers via des liens, dans le but exclusif de vous informer de l&rsquo;existence d&rsquo;autres sources d&rsquo;information sur Internet o\u00f9 vous pourrez approfondir les donn\u00e9es offertes sur le Site Web.<\/p><p>Ces liens vers d&rsquo;autres sites Web ne constituent en aucun cas une suggestion ou une recommandation de visiter les pages Web de destination, qui sont hors du contr\u00f4le du Titulaire, par cons\u00e9quent, le Titulaire n&rsquo;est pas responsable du contenu des sites Web li\u00e9s ni du r\u00e9sultat que vous obtenez en suivant les liens. De m\u00eame, le Titulaire ne r\u00e9pond pas des liens situ\u00e9s sur les sites Web li\u00e9s auxquels il vous donne acc\u00e8s.<\/p><p>L&rsquo;\u00e9tablissement du lien n&rsquo;implique en aucun cas l&rsquo;existence de relations entre le Titulaire et le propri\u00e9taire du site Web o\u00f9 le lien est \u00e9tabli, ni l&rsquo;acceptation ou l&rsquo;approbation par le Titulaire de ses contenus ou services.<\/p><p>Si vous acc\u00e9dez \u00e0 un site Web externe \u00e0 partir d&rsquo;un lien que vous trouvez sur le Site Web, vous devez lire la propre politique de confidentialit\u00e9 de l&rsquo;autre site Web qui peut \u00eatre diff\u00e9rente de celle de ce site Web.<\/p><h2>\u00a0<\/h2><h2>Propri\u00e9t\u00e9 intellectuelle et industrielle<\/h2><p>Tous les droits sont r\u00e9serv\u00e9s.<\/p><p>Tout acc\u00e8s \u00e0 ce Site Web est soumis aux conditions suivantes : la reproduction, le stockage permanent et la diffusion des contenus ou tout autre usage ayant une finalit\u00e9 publique ou commerciale sont express\u00e9ment interdits sans le consentement pr\u00e9alable expr\u00e8s et \u00e9crit du Titulaire.<\/p><h2>\u00a0<\/h2><h2>Limitation de responsabilit\u00e9<\/h2><p>Les informations et services inclus ou disponibles \u00e0 travers le Site Web peuvent inclure des inexactitudes ou des erreurs typographiques. Le Titulaire incorpore p\u00e9riodiquement des am\u00e9liorations et\/ou des changements \u00e0 l&rsquo;information contenue et\/ou aux Services qu&rsquo;il peut introduire \u00e0 tout moment.<\/p><p>Le Titulaire ne d\u00e9clare ni ne garantit que les services ou contenus ne seront pas interrompus ou qu&rsquo;ils sont exempts d&rsquo;erreurs, que les d\u00e9fauts seront corrig\u00e9s, ou que le service ou le serveur qui le rend disponible sont exempts de virus ou d&rsquo;autres composants nocifs, sans pr\u00e9judice du fait que le Titulaire fait tous les efforts pour \u00e9viter ce type d&rsquo;incidents.<\/p><p>Le Titulaire d\u00e9cline toute responsabilit\u00e9 en cas d&rsquo;interruptions ou de dysfonctionnements des Services ou contenus offerts sur Internet, quelle qu&rsquo;en soit la cause. De m\u00eame, le Titulaire ne se tient pas responsable des chutes de r\u00e9seau, des pertes commerciales r\u00e9sultant de ces chutes, des suspensions temporaires de l&rsquo;alimentation \u00e9lectrique ou de tout autre type de dommage indirect pouvant \u00eatre caus\u00e9 par des causes \u00e9chappant au contr\u00f4le du Titulaire.<\/p><p>Avant de prendre des d\u00e9cisions et\/ou d&rsquo;effectuer des actions bas\u00e9es sur les informations incluses sur le Site Web, le Titulaire vous recommande de v\u00e9rifier et de confronter les informations re\u00e7ues avec d&rsquo;autres sources.<\/p><h2>\u00a0<\/h2><h2>Juridiction<\/h2><p>Le pr\u00e9sent Avis L\u00e9gal est r\u00e9gi dans son int\u00e9gralit\u00e9 par la l\u00e9gislation espagnole.<\/p><p>Sauf disposition contraire, pour toute question relative \u00e0 l&rsquo;interpr\u00e9tation, l&rsquo;application et l&rsquo;ex\u00e9cution de cet Avis L\u00e9gal, ainsi que pour les r\u00e9clamations pouvant d\u00e9couler de son utilisation, les parties conviennent de se soumettre aux Juges et Tribunaux de la province de Valladolid, avec renonciation expresse \u00e0 toute autre juridiction qui pourrait leur correspondre.<\/p><h2>\u00a0<\/h2><h2>Contact<\/h2><p>Si vous avez des questions concernant cet Avis L\u00e9gal ou si vous souhaitez faire un commentaire sur le Site Web, vous pouvez envoyer un courriel \u00e0 l&rsquo;adresse : <a rel=\"noopener\">toro@toroequipment.com<\/a><\/p>\t\t\t\t\t\t\t\t<\/div>\n\t\t\t\t<\/div>\n\t\t\t\t\t<\/div>\n\t\t\t\t<\/div>\n\t\t\t\t<\/div>\n\t\t","protected":false},"excerpt":{"rendered":"<p>Mentions l\u00e9gales Identification et Titularit\u00e9 Conform\u00e9ment \u00e0 l&rsquo;article 10 de la Loi 34\/2002, du 11 juillet, relative aux Services de la Soci\u00e9t\u00e9 de l&rsquo;Information et du Commerce \u00c9lectronique, le Titulaire expose ses informations d&rsquo;identification : Titulaire : Toro Equipment S.L.NIF : B47546585Adresse : Ctra. Nacional VP-3302, Km 11. Villavaquer\u00edn, 47329, Valladolid \u2013 Espagne.Courriel : toro@toroequipment.comT\u00e9l\u00e9phone [&hellip;]<\/p>\n","protected":false},"author":1,"featured_media":0,"parent":0,"menu_order":0,"comment_status":"closed","ping_status":"closed","template":"elementor_header_footer","meta":{"_acf_changed":false,"footnotes":""},"class_list":["post-6538","page","type-page","status-publish","hentry"],"acf":[],"yoast_head":"<!-- This site is optimized with the Yoast SEO plugin v25.2 - https:\/\/yoast.com\/wordpress\/plugins\/seo\/ -->\n<title>Mentions l\u00e9gales - Toro Equipment<\/title>\n<meta name=\"robots\" content=\"index, follow, max-snippet:-1, max-image-preview:large, max-video-preview:-1\" \/>\n<link rel=\"canonical\" href=\"https:\/\/toroequipment.com\/fr\/mentions-legales\/\" \/>\n<meta property=\"og:locale\" content=\"fr_FR\" \/>\n<meta property=\"og:type\" content=\"article\" \/>\n<meta property=\"og:title\" content=\"Mentions l\u00e9gales - Toro Equipment\" \/>\n<meta property=\"og:description\" content=\"Mentions l\u00e9gales Identification et Titularit\u00e9 Conform\u00e9ment \u00e0 l&rsquo;article 10 de la Loi 34\/2002, du 11 juillet, relative aux Services de la Soci\u00e9t\u00e9 de l&rsquo;Information et du Commerce \u00c9lectronique, le Titulaire expose ses informations d&rsquo;identification : Titulaire : Toro Equipment S.L.NIF : B47546585Adresse : Ctra. Nacional VP-3302, Km 11. Villavaquer\u00edn, 47329, Valladolid \u2013 Espagne.Courriel : toro@toroequipment.comT\u00e9l\u00e9phone [&hellip;]\" \/>\n<meta property=\"og:url\" content=\"https:\/\/toroequipment.com\/fr\/mentions-legales\/\" \/>\n<meta property=\"og:site_name\" content=\"Toro Equipment\" \/>\n<meta property=\"article:modified_time\" content=\"2024-08-30T07:25:49+00:00\" \/>\n<meta name=\"twitter:card\" content=\"summary_large_image\" \/>\n<meta name=\"twitter:label1\" content=\"Dur\u00e9e de lecture estim\u00e9e\" \/>\n\t<meta name=\"twitter:data1\" content=\"7 minutes\" \/>\n<script type=\"application\/ld+json\" class=\"yoast-schema-graph\">{\"@context\":\"https:\/\/schema.org\",\"@graph\":[{\"@type\":\"WebPage\",\"@id\":\"https:\/\/toroequipment.com\/fr\/mentions-legales\/\",\"url\":\"https:\/\/toroequipment.com\/fr\/mentions-legales\/\",\"name\":\"Mentions l\u00e9gales - Toro Equipment\",\"isPartOf\":{\"@id\":\"https:\/\/toroequipment.com\/#website\"},\"datePublished\":\"2024-04-12T08:16:27+00:00\",\"dateModified\":\"2024-08-30T07:25:49+00:00\",\"breadcrumb\":{\"@id\":\"https:\/\/toroequipment.com\/fr\/mentions-legales\/#breadcrumb\"},\"inLanguage\":\"fr-FR\",\"potentialAction\":[{\"@type\":\"ReadAction\",\"target\":[\"https:\/\/toroequipment.com\/fr\/mentions-legales\/\"]}]},{\"@type\":\"BreadcrumbList\",\"@id\":\"https:\/\/toroequipment.com\/fr\/mentions-legales\/#breadcrumb\",\"itemListElement\":[{\"@type\":\"ListItem\",\"position\":1,\"name\":\"Home\",\"item\":\"https:\/\/toroequipment.com\/fr\/\"},{\"@type\":\"ListItem\",\"position\":2,\"name\":\"Mentions l\u00e9gales\"}]},{\"@type\":\"WebSite\",\"@id\":\"https:\/\/toroequipment.com\/#website\",\"url\":\"https:\/\/toroequipment.com\/\",\"name\":\"Toro Equipment\",\"description\":\"\",\"potentialAction\":[{\"@type\":\"SearchAction\",\"target\":{\"@type\":\"EntryPoint\",\"urlTemplate\":\"https:\/\/toroequipment.com\/?s={search_term_string}\"},\"query-input\":{\"@type\":\"PropertyValueSpecification\",\"valueRequired\":true,\"valueName\":\"search_term_string\"}}],\"inLanguage\":\"fr-FR\"}]}<\/script>\n<!-- \/ Yoast SEO plugin. -->","yoast_head_json":{"title":"Mentions l\u00e9gales - Toro Equipment","robots":{"index":"index","follow":"follow","max-snippet":"max-snippet:-1","max-image-preview":"max-image-preview:large","max-video-preview":"max-video-preview:-1"},"canonical":"https:\/\/toroequipment.com\/fr\/mentions-legales\/","og_locale":"fr_FR","og_type":"article","og_title":"Mentions l\u00e9gales - Toro Equipment","og_description":"Mentions l\u00e9gales Identification et Titularit\u00e9 Conform\u00e9ment \u00e0 l&rsquo;article 10 de la Loi 34\/2002, du 11 juillet, relative aux Services de la Soci\u00e9t\u00e9 de l&rsquo;Information et du Commerce \u00c9lectronique, le Titulaire expose ses informations d&rsquo;identification : Titulaire : Toro Equipment S.L.NIF : B47546585Adresse : Ctra. Nacional VP-3302, Km 11. Villavaquer\u00edn, 47329, Valladolid \u2013 Espagne.Courriel : toro@toroequipment.comT\u00e9l\u00e9phone [&hellip;]","og_url":"https:\/\/toroequipment.com\/fr\/mentions-legales\/","og_site_name":"Toro Equipment","article_modified_time":"2024-08-30T07:25:49+00:00","twitter_card":"summary_large_image","twitter_misc":{"Dur\u00e9e de lecture estim\u00e9e":"7 minutes"},"schema":{"@context":"https:\/\/schema.org","@graph":[{"@type":"WebPage","@id":"https:\/\/toroequipment.com\/fr\/mentions-legales\/","url":"https:\/\/toroequipment.com\/fr\/mentions-legales\/","name":"Mentions l\u00e9gales - Toro Equipment","isPartOf":{"@id":"https:\/\/toroequipment.com\/#website"},"datePublished":"2024-04-12T08:16:27+00:00","dateModified":"2024-08-30T07:25:49+00:00","breadcrumb":{"@id":"https:\/\/toroequipment.com\/fr\/mentions-legales\/#breadcrumb"},"inLanguage":"fr-FR","potentialAction":[{"@type":"ReadAction","target":["https:\/\/toroequipment.com\/fr\/mentions-legales\/"]}]},{"@type":"BreadcrumbList","@id":"https:\/\/toroequipment.com\/fr\/mentions-legales\/#breadcrumb","itemListElement":[{"@type":"ListItem","position":1,"name":"Home","item":"https:\/\/toroequipment.com\/fr\/"},{"@type":"ListItem","position":2,"name":"Mentions l\u00e9gales"}]},{"@type":"WebSite","@id":"https:\/\/toroequipment.com\/#website","url":"https:\/\/toroequipment.com\/","name":"Toro Equipment","description":"","potentialAction":[{"@type":"SearchAction","target":{"@type":"EntryPoint","urlTemplate":"https:\/\/toroequipment.com\/?s={search_term_string}"},"query-input":{"@type":"PropertyValueSpecification","valueRequired":true,"valueName":"search_term_string"}}],"inLanguage":"fr-FR"}]}},"_links":{"self":[{"href":"https:\/\/toroequipment.com\/fr\/wp-json\/wp\/v2\/pages\/6538","targetHints":{"allow":["GET"]}}],"collection":[{"href":"https:\/\/toroequipment.com\/fr\/wp-json\/wp\/v2\/pages"}],"about":[{"href":"https:\/\/toroequipment.com\/fr\/wp-json\/wp\/v2\/types\/page"}],"author":[{"embeddable":true,"href":"https:\/\/toroequipment.com\/fr\/wp-json\/wp\/v2\/users\/1"}],"replies":[{"embeddable":true,"href":"https:\/\/toroequipment.com\/fr\/wp-json\/wp\/v2\/comments?post=6538"}],"version-history":[{"count":4,"href":"https:\/\/toroequipment.com\/fr\/wp-json\/wp\/v2\/pages\/6538\/revisions"}],"predecessor-version":[{"id":6542,"href":"https:\/\/toroequipment.com\/fr\/wp-json\/wp\/v2\/pages\/6538\/revisions\/6542"}],"wp:attachment":[{"href":"https:\/\/toroequipment.com\/fr\/wp-json\/wp\/v2\/media?parent=6538"}],"curies":[{"name":"wp","href":"https:\/\/api.w.org\/{rel}","templated":true}]}}