{"id":6533,"date":"2024-04-12T08:18:23","date_gmt":"2024-04-12T08:18:23","guid":{"rendered":"https:\/\/toroequipment.com\/accessibilite\/"},"modified":"2024-08-30T07:18:34","modified_gmt":"2024-08-30T07:18:34","slug":"accessibilite","status":"publish","type":"page","link":"https:\/\/toroequipment.com\/fr\/accessibilite\/","title":{"rendered":"Accessibilit\u00e9"},"content":{"rendered":"\t\t<div data-elementor-type=\"wp-page\" data-elementor-id=\"6533\" class=\"elementor elementor-6533 elementor-1351\" data-elementor-post-type=\"page\">\n\t\t\t\t<div class=\"elementor-element elementor-element-f87dc1b e-con-full e-flex e-con e-parent\" data-id=\"f87dc1b\" data-element_type=\"container\" data-settings=\"{&quot;background_background&quot;:&quot;classic&quot;}\">\n\t\t\t\t<div class=\"elementor-element elementor-element-4c48b77 elementor-widget elementor-widget-heading\" data-id=\"4c48b77\" data-element_type=\"widget\" data-widget_type=\"heading.default\">\n\t\t\t\t<div class=\"elementor-widget-container\">\n\t\t\t\t\t<h2 class=\"elementor-heading-title elementor-size-default\">Accessibilit\u00e9<\/h2>\t\t\t\t<\/div>\n\t\t\t\t<\/div>\n\t\t\t\t<\/div>\n\t\t<div class=\"elementor-element elementor-element-179e797 e-flex e-con-boxed e-con e-parent\" data-id=\"179e797\" data-element_type=\"container\">\n\t\t\t\t\t<div class=\"e-con-inner\">\n\t\t\t\t<div class=\"elementor-element elementor-element-214127a elementor-widget elementor-widget-text-editor\" data-id=\"214127a\" data-element_type=\"widget\" data-widget_type=\"text-editor.default\">\n\t\t\t\t<div class=\"elementor-widget-container\">\n\t\t\t\t\t\t\t\t\t<h2>Introduction<\/h2><p>Le site web de TORO EQUIPMENT SL s&rsquo;engage \u00e0 rendre son site web accessible, conform\u00e9ment au D\u00e9cret Royal 1112\/2018 du 7 septembre, relatif \u00e0 l&rsquo;accessibilit\u00e9 des sites web et des applications mobiles du secteur public.<\/p><p>La pr\u00e9sente d\u00e9claration de conformit\u00e9 s&rsquo;applique \u00e0 toutes les pages situ\u00e9es dans le domaine https:\/\/toroequipment.com\/, \u00e0 l&rsquo;exclusion des pages vers lesquelles m\u00e8nent les liens externes et des contenus int\u00e9gr\u00e9s provenant d&rsquo;autres domaines.<\/p><p>\u00a0<\/p><h2>\u00c9tat de conformit\u00e9<\/h2><p>Ce site web est partiellement conforme au RD 1112\/2018 en raison des exceptions et du manque de conformit\u00e9 des aspects indiqu\u00e9s ci-dessous.<\/p><p>\u00a0<\/p><h2>Contenu non accessible<\/h2><p>A. Non-conformit\u00e9 avec le D\u00e9cret Royal 1112\/2018<\/p><p>\u2013 Non applicable.<\/p><p>B. Charge disproportionn\u00e9e<\/p><p>\u2013 Non applicable.<\/p><p>C. Contenu qui ne rel\u00e8ve pas du champ de la l\u00e9gislation applicable<\/p><p>\u2013 Il peut exister des fichiers bureautiques en PDF ou autre format publi\u00e9s avant le 18 septembre 2020 qui ne r\u00e9pondent pas enti\u00e8rement \u00e0 toutes les exigences d&rsquo;accessibilit\u00e9. Bien que nous ayons veill\u00e9 \u00e0 ce que la majorit\u00e9 d&rsquo;entre eux soient conformes.<\/p><p>\u2013 Il peut y avoir des contenus de tiers qui ne sont pas d\u00e9velopp\u00e9s par nous et ne sont pas sous notre contr\u00f4le, comme par exemple des fichiers bureautiques.<\/p><p>\u00a0<\/p><h2>Compatibilit\u00e9 avec les normes<\/h2><p>Ce site web a \u00e9t\u00e9 con\u00e7u et programm\u00e9 en suivant les directives de l&rsquo;initiative WAI (Web Accessibility Initiative, https:\/\/www.w3.org\/WAI\/), qui d\u00e9finit des normes internationales pour la cr\u00e9ation de contenus web accessibles \u00e0 tous.<\/p><p>\u00a0<\/p><h2>Observations et coordonn\u00e9es<\/h2><p>Vous pouvez soumettre des communications concernant les exigences d&rsquo;accessibilit\u00e9 (article 10.2 du RD 1112\/2018) telles que :<\/p><p>\u2022 Signaler tout \u00e9ventuel non-respect par ce site web.<\/p><p>\u2022 Transmettre d&rsquo;autres difficult\u00e9s d&rsquo;acc\u00e8s au contenu.<\/p><p>\u2022 Formuler toute autre question ou suggestion d&rsquo;am\u00e9lioration concernant l&rsquo;accessibilit\u00e9 du site web.<\/p><p>\u2022 Via le formulaire de contact de ce site web.<\/p><p>Les communications, plaintes et demandes d&rsquo;informations accessibles seront re\u00e7ues et trait\u00e9es par l&rsquo;Unit\u00e9 Responsable de l&rsquo;Accessibilit\u00e9 de ce site web.<\/p><p>Dans la Demande d&rsquo;informations accessibles, il faut pr\u00e9ciser clairement les faits, raisons et demandes permettant de constater qu&rsquo;il s&rsquo;agit d&rsquo;une demande raisonnable et l\u00e9gitime.<\/p><p>\u00a0<\/p><h2>Proc\u00e9dure d&rsquo;application<\/h2><p>Si, apr\u00e8s avoir effectu\u00e9 une demande d&rsquo;informations accessibles ou une plainte, celle-ci a \u00e9t\u00e9 :<\/p><p>\u2022 Rejet\u00e9e,<\/p><p>\u2022 Si vous n&rsquo;\u00eates pas d&rsquo;accord avec la d\u00e9cision prise,<\/p><p>\u2022 Si la r\u00e9ponse ne r\u00e9pond pas aux exigences pr\u00e9vues \u00e0 l&rsquo;article 12.5 du RD 1112\/2018,<\/p><p>\u2022 Ou si le d\u00e9lai de vingt jours ouvrables est \u00e9coul\u00e9 sans r\u00e9ponse.<\/p><p>La personne int\u00e9ress\u00e9e peut d\u00e9poser une r\u00e9clamation pour :<\/p><p>\u2022 Conna\u00eetre et s&rsquo;opposer aux motifs du rejet,<\/p><p>\u2022 Demander la prise des mesures appropri\u00e9es en cas de d\u00e9saccord avec la d\u00e9cision prise,<\/p><p>\u2022 Ou exposer les raisons pour lesquelles la r\u00e9ponse ne r\u00e9pond pas aux exigences requises.<\/p>\t\t\t\t\t\t\t\t<\/div>\n\t\t\t\t<\/div>\n\t\t\t\t\t<\/div>\n\t\t\t\t<\/div>\n\t\t\t\t<\/div>\n\t\t","protected":false},"excerpt":{"rendered":"<p>Accessibilit\u00e9 Introduction Le site web de TORO EQUIPMENT SL s&rsquo;engage \u00e0 rendre son site web accessible, conform\u00e9ment au D\u00e9cret Royal 1112\/2018 du 7 septembre, relatif \u00e0 l&rsquo;accessibilit\u00e9 des sites web et des applications mobiles du secteur public. La pr\u00e9sente d\u00e9claration de conformit\u00e9 s&rsquo;applique \u00e0 toutes les pages situ\u00e9es dans le domaine https:\/\/toroequipment.com\/, \u00e0 l&rsquo;exclusion des [&hellip;]<\/p>\n","protected":false},"author":1,"featured_media":0,"parent":0,"menu_order":0,"comment_status":"closed","ping_status":"closed","template":"elementor_header_footer","meta":{"_acf_changed":false,"footnotes":""},"class_list":["post-6533","page","type-page","status-publish","hentry"],"acf":[],"yoast_head":"<!-- This site is optimized with the Yoast SEO plugin v25.2 - https:\/\/yoast.com\/wordpress\/plugins\/seo\/ -->\n<title>Accessibilit\u00e9 - Toro Equipment<\/title>\n<meta name=\"robots\" content=\"index, follow, max-snippet:-1, max-image-preview:large, max-video-preview:-1\" \/>\n<link rel=\"canonical\" href=\"https:\/\/toroequipment.com\/fr\/accessibilite\/\" \/>\n<meta property=\"og:locale\" content=\"fr_FR\" \/>\n<meta property=\"og:type\" content=\"article\" \/>\n<meta property=\"og:title\" content=\"Accessibilit\u00e9 - Toro Equipment\" \/>\n<meta property=\"og:description\" content=\"Accessibilit\u00e9 Introduction Le site web de TORO EQUIPMENT SL s&rsquo;engage \u00e0 rendre son site web accessible, conform\u00e9ment au D\u00e9cret Royal 1112\/2018 du 7 septembre, relatif \u00e0 l&rsquo;accessibilit\u00e9 des sites web et des applications mobiles du secteur public. La pr\u00e9sente d\u00e9claration de conformit\u00e9 s&rsquo;applique \u00e0 toutes les pages situ\u00e9es dans le domaine https:\/\/toroequipment.com\/, \u00e0 l&rsquo;exclusion des [&hellip;]\" \/>\n<meta property=\"og:url\" content=\"https:\/\/toroequipment.com\/fr\/accessibilite\/\" \/>\n<meta property=\"og:site_name\" content=\"Toro Equipment\" \/>\n<meta property=\"article:modified_time\" content=\"2024-08-30T07:18:34+00:00\" \/>\n<meta name=\"twitter:card\" content=\"summary_large_image\" \/>\n<meta name=\"twitter:label1\" content=\"Dur\u00e9e de lecture estim\u00e9e\" \/>\n\t<meta name=\"twitter:data1\" content=\"3 minutes\" \/>\n<script type=\"application\/ld+json\" class=\"yoast-schema-graph\">{\"@context\":\"https:\/\/schema.org\",\"@graph\":[{\"@type\":\"WebPage\",\"@id\":\"https:\/\/toroequipment.com\/fr\/accessibilite\/\",\"url\":\"https:\/\/toroequipment.com\/fr\/accessibilite\/\",\"name\":\"Accessibilit\u00e9 - Toro Equipment\",\"isPartOf\":{\"@id\":\"https:\/\/toroequipment.com\/#website\"},\"datePublished\":\"2024-04-12T08:18:23+00:00\",\"dateModified\":\"2024-08-30T07:18:34+00:00\",\"breadcrumb\":{\"@id\":\"https:\/\/toroequipment.com\/fr\/accessibilite\/#breadcrumb\"},\"inLanguage\":\"fr-FR\",\"potentialAction\":[{\"@type\":\"ReadAction\",\"target\":[\"https:\/\/toroequipment.com\/fr\/accessibilite\/\"]}]},{\"@type\":\"BreadcrumbList\",\"@id\":\"https:\/\/toroequipment.com\/fr\/accessibilite\/#breadcrumb\",\"itemListElement\":[{\"@type\":\"ListItem\",\"position\":1,\"name\":\"Home\",\"item\":\"https:\/\/toroequipment.com\/fr\/\"},{\"@type\":\"ListItem\",\"position\":2,\"name\":\"Accessibilit\u00e9\"}]},{\"@type\":\"WebSite\",\"@id\":\"https:\/\/toroequipment.com\/#website\",\"url\":\"https:\/\/toroequipment.com\/\",\"name\":\"Toro Equipment\",\"description\":\"\",\"potentialAction\":[{\"@type\":\"SearchAction\",\"target\":{\"@type\":\"EntryPoint\",\"urlTemplate\":\"https:\/\/toroequipment.com\/?s={search_term_string}\"},\"query-input\":{\"@type\":\"PropertyValueSpecification\",\"valueRequired\":true,\"valueName\":\"search_term_string\"}}],\"inLanguage\":\"fr-FR\"}]}<\/script>\n<!-- \/ Yoast SEO plugin. -->","yoast_head_json":{"title":"Accessibilit\u00e9 - Toro Equipment","robots":{"index":"index","follow":"follow","max-snippet":"max-snippet:-1","max-image-preview":"max-image-preview:large","max-video-preview":"max-video-preview:-1"},"canonical":"https:\/\/toroequipment.com\/fr\/accessibilite\/","og_locale":"fr_FR","og_type":"article","og_title":"Accessibilit\u00e9 - Toro Equipment","og_description":"Accessibilit\u00e9 Introduction Le site web de TORO EQUIPMENT SL s&rsquo;engage \u00e0 rendre son site web accessible, conform\u00e9ment au D\u00e9cret Royal 1112\/2018 du 7 septembre, relatif \u00e0 l&rsquo;accessibilit\u00e9 des sites web et des applications mobiles du secteur public. La pr\u00e9sente d\u00e9claration de conformit\u00e9 s&rsquo;applique \u00e0 toutes les pages situ\u00e9es dans le domaine https:\/\/toroequipment.com\/, \u00e0 l&rsquo;exclusion des [&hellip;]","og_url":"https:\/\/toroequipment.com\/fr\/accessibilite\/","og_site_name":"Toro Equipment","article_modified_time":"2024-08-30T07:18:34+00:00","twitter_card":"summary_large_image","twitter_misc":{"Dur\u00e9e de lecture estim\u00e9e":"3 minutes"},"schema":{"@context":"https:\/\/schema.org","@graph":[{"@type":"WebPage","@id":"https:\/\/toroequipment.com\/fr\/accessibilite\/","url":"https:\/\/toroequipment.com\/fr\/accessibilite\/","name":"Accessibilit\u00e9 - Toro Equipment","isPartOf":{"@id":"https:\/\/toroequipment.com\/#website"},"datePublished":"2024-04-12T08:18:23+00:00","dateModified":"2024-08-30T07:18:34+00:00","breadcrumb":{"@id":"https:\/\/toroequipment.com\/fr\/accessibilite\/#breadcrumb"},"inLanguage":"fr-FR","potentialAction":[{"@type":"ReadAction","target":["https:\/\/toroequipment.com\/fr\/accessibilite\/"]}]},{"@type":"BreadcrumbList","@id":"https:\/\/toroequipment.com\/fr\/accessibilite\/#breadcrumb","itemListElement":[{"@type":"ListItem","position":1,"name":"Home","item":"https:\/\/toroequipment.com\/fr\/"},{"@type":"ListItem","position":2,"name":"Accessibilit\u00e9"}]},{"@type":"WebSite","@id":"https:\/\/toroequipment.com\/#website","url":"https:\/\/toroequipment.com\/","name":"Toro Equipment","description":"","potentialAction":[{"@type":"SearchAction","target":{"@type":"EntryPoint","urlTemplate":"https:\/\/toroequipment.com\/?s={search_term_string}"},"query-input":{"@type":"PropertyValueSpecification","valueRequired":true,"valueName":"search_term_string"}}],"inLanguage":"fr-FR"}]}},"_links":{"self":[{"href":"https:\/\/toroequipment.com\/fr\/wp-json\/wp\/v2\/pages\/6533","targetHints":{"allow":["GET"]}}],"collection":[{"href":"https:\/\/toroequipment.com\/fr\/wp-json\/wp\/v2\/pages"}],"about":[{"href":"https:\/\/toroequipment.com\/fr\/wp-json\/wp\/v2\/types\/page"}],"author":[{"embeddable":true,"href":"https:\/\/toroequipment.com\/fr\/wp-json\/wp\/v2\/users\/1"}],"replies":[{"embeddable":true,"href":"https:\/\/toroequipment.com\/fr\/wp-json\/wp\/v2\/comments?post=6533"}],"version-history":[{"count":4,"href":"https:\/\/toroequipment.com\/fr\/wp-json\/wp\/v2\/pages\/6533\/revisions"}],"predecessor-version":[{"id":6537,"href":"https:\/\/toroequipment.com\/fr\/wp-json\/wp\/v2\/pages\/6533\/revisions\/6537"}],"wp:attachment":[{"href":"https:\/\/toroequipment.com\/fr\/wp-json\/wp\/v2\/media?parent=6533"}],"curies":[{"name":"wp","href":"https:\/\/api.w.org\/{rel}","templated":true}]}}