{"id":6526,"date":"2024-05-09T12:27:59","date_gmt":"2024-05-09T12:27:59","guid":{"rendered":"https:\/\/toroequipment.com\/actualites\/"},"modified":"2025-02-27T12:44:49","modified_gmt":"2025-02-27T12:44:49","slug":"actualites","status":"publish","type":"page","link":"https:\/\/toroequipment.com\/fr\/actualites\/","title":{"rendered":"Actualit\u00e9s"},"content":{"rendered":"\t\t<div data-elementor-type=\"wp-page\" data-elementor-id=\"6526\" class=\"elementor elementor-6526 elementor-2405\" data-elementor-post-type=\"page\">\n\t\t\t\t<div class=\"elementor-element elementor-element-8788d5f e-flex e-con-boxed e-con e-parent\" data-id=\"8788d5f\" data-element_type=\"container\" data-settings=\"{&quot;background_background&quot;:&quot;classic&quot;}\">\n\t\t\t\t\t<div class=\"e-con-inner\">\n\t\t\t\t\t<\/div>\n\t\t\t\t<\/div>\n\t\t<div class=\"elementor-element elementor-element-91c0cfd e-flex e-con-boxed e-con e-parent\" data-id=\"91c0cfd\" data-element_type=\"container\">\n\t\t\t\t\t<div class=\"e-con-inner\">\n\t\t\t\t<div class=\"elementor-element elementor-element-e3879ef elementor-grid-3 elementor-grid-tablet-2 elementor-grid-mobile-1 elementor-posts--thumbnail-top elementor-card-shadow-yes elementor-posts__hover-gradient load-more-align-center elementor-widget elementor-widget-posts\" data-id=\"e3879ef\" data-element_type=\"widget\" data-settings=\"{&quot;pagination_type&quot;:&quot;load_more_on_click&quot;,&quot;cards_columns&quot;:&quot;3&quot;,&quot;cards_columns_tablet&quot;:&quot;2&quot;,&quot;cards_columns_mobile&quot;:&quot;1&quot;,&quot;cards_row_gap&quot;:{&quot;unit&quot;:&quot;px&quot;,&quot;size&quot;:35,&quot;sizes&quot;:[]},&quot;cards_row_gap_widescreen&quot;:{&quot;unit&quot;:&quot;px&quot;,&quot;size&quot;:&quot;&quot;,&quot;sizes&quot;:[]},&quot;cards_row_gap_laptop&quot;:{&quot;unit&quot;:&quot;px&quot;,&quot;size&quot;:&quot;&quot;,&quot;sizes&quot;:[]},&quot;cards_row_gap_tablet_extra&quot;:{&quot;unit&quot;:&quot;px&quot;,&quot;size&quot;:&quot;&quot;,&quot;sizes&quot;:[]},&quot;cards_row_gap_tablet&quot;:{&quot;unit&quot;:&quot;px&quot;,&quot;size&quot;:&quot;&quot;,&quot;sizes&quot;:[]},&quot;cards_row_gap_mobile_extra&quot;:{&quot;unit&quot;:&quot;px&quot;,&quot;size&quot;:&quot;&quot;,&quot;sizes&quot;:[]},&quot;cards_row_gap_mobile&quot;:{&quot;unit&quot;:&quot;px&quot;,&quot;size&quot;:&quot;&quot;,&quot;sizes&quot;:[]},&quot;load_more_spinner&quot;:{&quot;value&quot;:&quot;fas fa-spinner&quot;,&quot;library&quot;:&quot;fa-solid&quot;}}\" data-widget_type=\"posts.cards\">\n\t\t\t\t<div class=\"elementor-widget-container\">\n\t\t\t\t\t\t\t<div class=\"elementor-posts-container elementor-posts elementor-posts--skin-cards elementor-grid\">\n\t\t\t\t<article class=\"elementor-post elementor-grid-item post-7580 post type-post status-publish format-standard has-post-thumbnail hentry category-actualites\">\n\t\t\t<div class=\"elementor-post__card\">\n\t\t\t\t<a class=\"elementor-post__thumbnail__link\" href=\"https:\/\/toroequipment.com\/fr\/engagement-social-de-toro-equipment\/\" tabindex=\"-1\" ><div class=\"elementor-post__thumbnail\"><img fetchpriority=\"high\" decoding=\"async\" width=\"1920\" height=\"1080\" src=\"https:\/\/toroequipment.com\/wp-content\/uploads\/2025\/12\/Diseno-sin-titulo.png\" class=\"attachment-full size-full wp-image-7576\" alt=\"\" srcset=\"https:\/\/toroequipment.com\/wp-content\/uploads\/2025\/12\/Diseno-sin-titulo.png 1920w, https:\/\/toroequipment.com\/wp-content\/uploads\/2025\/12\/Diseno-sin-titulo-300x169.png 300w, https:\/\/toroequipment.com\/wp-content\/uploads\/2025\/12\/Diseno-sin-titulo-1024x576.png 1024w, https:\/\/toroequipment.com\/wp-content\/uploads\/2025\/12\/Diseno-sin-titulo-768x432.png 768w, https:\/\/toroequipment.com\/wp-content\/uploads\/2025\/12\/Diseno-sin-titulo-1536x864.png 1536w, https:\/\/toroequipment.com\/wp-content\/uploads\/2025\/12\/Diseno-sin-titulo-600x338.png 600w\" sizes=\"(max-width: 1920px) 100vw, 1920px\" \/><\/div><\/a>\n\t\t\t\t<div class=\"elementor-post__badge\">Actualit\u00e9s<\/div>\n\t\t\t\t<div class=\"elementor-post__text\">\n\t\t\t\t<h3 class=\"elementor-post__title\">\n\t\t\t<a href=\"https:\/\/toroequipment.com\/fr\/engagement-social-de-toro-equipment\/\" >\n\t\t\t\tEngagement Social de Toro Equipment\t\t\t<\/a>\n\t\t<\/h3>\n\t\t\n\t\t<a class=\"elementor-post__read-more\" href=\"https:\/\/toroequipment.com\/fr\/engagement-social-de-toro-equipment\/\" aria-label=\"En savoir plus sur Engagement Social de Toro Equipment\" tabindex=\"-1\" >\n\t\t\tLire plus\t\t<\/a>\n\n\t\t\t\t<\/div>\n\t\t\t\t<div class=\"elementor-post__meta-data\">\n\t\t\t\t\t<span class=\"elementor-post-date\">\n\t\t\td\u00e9cembre 22, 2025\t\t<\/span>\n\t\t\t\t<\/div>\n\t\t\t\t\t<\/div>\n\t\t<\/article>\n\t\t\t\t<article class=\"elementor-post elementor-grid-item post-7429 post type-post status-publish format-standard has-post-thumbnail hentry category-actualites\">\n\t\t\t<div class=\"elementor-post__card\">\n\t\t\t\t<a class=\"elementor-post__thumbnail__link\" href=\"https:\/\/toroequipment.com\/fr\/toro-equipment-et-indemat-donnent-forme-a-linnovation-avec-un-bureau-construit-a-partir-des-materiaux-de-leurs-propres-reservoirs\/\" tabindex=\"-1\" ><div class=\"elementor-post__thumbnail\"><img decoding=\"async\" width=\"1600\" height=\"900\" src=\"https:\/\/toroequipment.com\/wp-content\/uploads\/2025\/10\/EMPRESA-FAMILIAR-02.jpg\" class=\"attachment-full size-full wp-image-7402\" alt=\"\" srcset=\"https:\/\/toroequipment.com\/wp-content\/uploads\/2025\/10\/EMPRESA-FAMILIAR-02.jpg 1600w, https:\/\/toroequipment.com\/wp-content\/uploads\/2025\/10\/EMPRESA-FAMILIAR-02-300x169.jpg 300w, https:\/\/toroequipment.com\/wp-content\/uploads\/2025\/10\/EMPRESA-FAMILIAR-02-1024x576.jpg 1024w, https:\/\/toroequipment.com\/wp-content\/uploads\/2025\/10\/EMPRESA-FAMILIAR-02-768x432.jpg 768w, https:\/\/toroequipment.com\/wp-content\/uploads\/2025\/10\/EMPRESA-FAMILIAR-02-1536x864.jpg 1536w, https:\/\/toroequipment.com\/wp-content\/uploads\/2025\/10\/EMPRESA-FAMILIAR-02-600x338.jpg 600w\" sizes=\"(max-width: 1600px) 100vw, 1600px\" \/><\/div><\/a>\n\t\t\t\t<div class=\"elementor-post__badge\">Actualit\u00e9s<\/div>\n\t\t\t\t<div class=\"elementor-post__text\">\n\t\t\t\t<h3 class=\"elementor-post__title\">\n\t\t\t<a href=\"https:\/\/toroequipment.com\/fr\/toro-equipment-et-indemat-donnent-forme-a-linnovation-avec-un-bureau-construit-a-partir-des-materiaux-de-leurs-propres-reservoirs\/\" >\n\t\t\t\tToro Equipment et Indemat donnent forme \u00e0 l\u2019innovation avec un bureau construit \u00e0 partir des mat\u00e9riaux de leurs propres r\u00e9servoirs\t\t\t<\/a>\n\t\t<\/h3>\n\t\t\n\t\t<a class=\"elementor-post__read-more\" href=\"https:\/\/toroequipment.com\/fr\/toro-equipment-et-indemat-donnent-forme-a-linnovation-avec-un-bureau-construit-a-partir-des-materiaux-de-leurs-propres-reservoirs\/\" aria-label=\"En savoir plus sur Toro Equipment et Indemat donnent forme \u00e0 l\u2019innovation avec un bureau construit \u00e0 partir des mat\u00e9riaux de leurs propres r\u00e9servoirs\" tabindex=\"-1\" >\n\t\t\tLire plus\t\t<\/a>\n\n\t\t\t\t<\/div>\n\t\t\t\t<div class=\"elementor-post__meta-data\">\n\t\t\t\t\t<span class=\"elementor-post-date\">\n\t\t\toctobre 16, 2025\t\t<\/span>\n\t\t\t\t<\/div>\n\t\t\t\t\t<\/div>\n\t\t<\/article>\n\t\t\t\t<article class=\"elementor-post elementor-grid-item post-6947 post type-post status-publish format-standard has-post-thumbnail hentry category-actualites\">\n\t\t\t<div class=\"elementor-post__card\">\n\t\t\t\t<a class=\"elementor-post__thumbnail__link\" href=\"https:\/\/toroequipment.com\/fr\/toro-equipment-toujours-avec-le-sport\/\" tabindex=\"-1\" ><div class=\"elementor-post__thumbnail\"><img decoding=\"async\" width=\"1158\" height=\"1080\" src=\"https:\/\/toroequipment.com\/wp-content\/uploads\/2025\/05\/NoticiaPagina-TORO.jpg\" class=\"attachment-full size-full wp-image-6940\" alt=\"\" srcset=\"https:\/\/toroequipment.com\/wp-content\/uploads\/2025\/05\/NoticiaPagina-TORO.jpg 1158w, https:\/\/toroequipment.com\/wp-content\/uploads\/2025\/05\/NoticiaPagina-TORO-300x280.jpg 300w, https:\/\/toroequipment.com\/wp-content\/uploads\/2025\/05\/NoticiaPagina-TORO-1024x955.jpg 1024w, https:\/\/toroequipment.com\/wp-content\/uploads\/2025\/05\/NoticiaPagina-TORO-768x716.jpg 768w, https:\/\/toroequipment.com\/wp-content\/uploads\/2025\/05\/NoticiaPagina-TORO-600x560.jpg 600w\" sizes=\"(max-width: 1158px) 100vw, 1158px\" \/><\/div><\/a>\n\t\t\t\t<div class=\"elementor-post__badge\">Actualit\u00e9s<\/div>\n\t\t\t\t<div class=\"elementor-post__text\">\n\t\t\t\t<h3 class=\"elementor-post__title\">\n\t\t\t<a href=\"https:\/\/toroequipment.com\/fr\/toro-equipment-toujours-avec-le-sport\/\" >\n\t\t\t\tTORO EQUIPMENT TOUJOURS AVEC LE SPORT.\t\t\t<\/a>\n\t\t<\/h3>\n\t\t\n\t\t<a class=\"elementor-post__read-more\" href=\"https:\/\/toroequipment.com\/fr\/toro-equipment-toujours-avec-le-sport\/\" aria-label=\"En savoir plus sur TORO EQUIPMENT TOUJOURS AVEC LE SPORT.\" tabindex=\"-1\" >\n\t\t\tLire plus\t\t<\/a>\n\n\t\t\t\t<\/div>\n\t\t\t\t<div class=\"elementor-post__meta-data\">\n\t\t\t\t\t<span class=\"elementor-post-date\">\n\t\t\tmai 20, 2025\t\t<\/span>\n\t\t\t\t<\/div>\n\t\t\t\t\t<\/div>\n\t\t<\/article>\n\t\t\t\t<article class=\"elementor-post elementor-grid-item post-6927 post type-post status-publish format-standard has-post-thumbnail hentry category-actualites\">\n\t\t\t<div class=\"elementor-post__card\">\n\t\t\t\t<a class=\"elementor-post__thumbnail__link\" href=\"https:\/\/toroequipment.com\/fr\/toro-equipment-and-palausa-group-united-for-a-more-sustainable-future\/\" tabindex=\"-1\" ><div class=\"elementor-post__thumbnail\"><img loading=\"lazy\" decoding=\"async\" width=\"2048\" height=\"1536\" src=\"https:\/\/toroequipment.com\/wp-content\/uploads\/2025\/04\/WhatsApp-Image-2025-04-09-at-10.32.38.jpeg\" class=\"attachment-full size-full wp-image-6921\" alt=\"\" srcset=\"https:\/\/toroequipment.com\/wp-content\/uploads\/2025\/04\/WhatsApp-Image-2025-04-09-at-10.32.38.jpeg 2048w, https:\/\/toroequipment.com\/wp-content\/uploads\/2025\/04\/WhatsApp-Image-2025-04-09-at-10.32.38-300x225.jpeg 300w, https:\/\/toroequipment.com\/wp-content\/uploads\/2025\/04\/WhatsApp-Image-2025-04-09-at-10.32.38-1024x768.jpeg 1024w, https:\/\/toroequipment.com\/wp-content\/uploads\/2025\/04\/WhatsApp-Image-2025-04-09-at-10.32.38-768x576.jpeg 768w, https:\/\/toroequipment.com\/wp-content\/uploads\/2025\/04\/WhatsApp-Image-2025-04-09-at-10.32.38-1536x1152.jpeg 1536w, https:\/\/toroequipment.com\/wp-content\/uploads\/2025\/04\/WhatsApp-Image-2025-04-09-at-10.32.38-600x450.jpeg 600w\" sizes=\"(max-width: 2048px) 100vw, 2048px\" \/><\/div><\/a>\n\t\t\t\t<div class=\"elementor-post__badge\">Actualit\u00e9s<\/div>\n\t\t\t\t<div class=\"elementor-post__text\">\n\t\t\t\t<h3 class=\"elementor-post__title\">\n\t\t\t<a href=\"https:\/\/toroequipment.com\/fr\/toro-equipment-and-palausa-group-united-for-a-more-sustainable-future\/\" >\n\t\t\t\tToro Equipment et Palausa Group : Unis pour un avenir plus durable\t\t\t<\/a>\n\t\t<\/h3>\n\t\t\n\t\t<a class=\"elementor-post__read-more\" href=\"https:\/\/toroequipment.com\/fr\/toro-equipment-and-palausa-group-united-for-a-more-sustainable-future\/\" aria-label=\"En savoir plus sur Toro Equipment et Palausa Group : Unis pour un avenir plus durable\" tabindex=\"-1\" >\n\t\t\tLire plus\t\t<\/a>\n\n\t\t\t\t<\/div>\n\t\t\t\t<div class=\"elementor-post__meta-data\">\n\t\t\t\t\t<span class=\"elementor-post-date\">\n\t\t\tavril 14, 2025\t\t<\/span>\n\t\t\t\t<\/div>\n\t\t\t\t\t<\/div>\n\t\t<\/article>\n\t\t\t\t<article class=\"elementor-post elementor-grid-item post-6849 post type-post status-publish format-standard has-post-thumbnail hentry category-actualites\">\n\t\t\t<div class=\"elementor-post__card\">\n\t\t\t\t<a class=\"elementor-post__thumbnail__link\" href=\"https:\/\/toroequipment.com\/fr\/visite-des-etudiants-de-lies-las-salinas-laguna-de-duero-valladolid-espagne\/\" tabindex=\"-1\" ><div class=\"elementor-post__thumbnail\"><img loading=\"lazy\" decoding=\"async\" width=\"1080\" height=\"1080\" src=\"https:\/\/toroequipment.com\/wp-content\/uploads\/2024\/12\/Sin-titulo-1-2.jpg\" class=\"attachment-full size-full wp-image-6840\" alt=\"\" srcset=\"https:\/\/toroequipment.com\/wp-content\/uploads\/2024\/12\/Sin-titulo-1-2.jpg 1080w, https:\/\/toroequipment.com\/wp-content\/uploads\/2024\/12\/Sin-titulo-1-2-300x300.jpg 300w, https:\/\/toroequipment.com\/wp-content\/uploads\/2024\/12\/Sin-titulo-1-2-1024x1024.jpg 1024w, https:\/\/toroequipment.com\/wp-content\/uploads\/2024\/12\/Sin-titulo-1-2-150x150.jpg 150w, https:\/\/toroequipment.com\/wp-content\/uploads\/2024\/12\/Sin-titulo-1-2-768x768.jpg 768w, https:\/\/toroequipment.com\/wp-content\/uploads\/2024\/12\/Sin-titulo-1-2-600x600.jpg 600w, https:\/\/toroequipment.com\/wp-content\/uploads\/2024\/12\/Sin-titulo-1-2-100x100.jpg 100w\" sizes=\"(max-width: 1080px) 100vw, 1080px\" \/><\/div><\/a>\n\t\t\t\t<div class=\"elementor-post__badge\">Actualit\u00e9s<\/div>\n\t\t\t\t<div class=\"elementor-post__text\">\n\t\t\t\t<h3 class=\"elementor-post__title\">\n\t\t\t<a href=\"https:\/\/toroequipment.com\/fr\/visite-des-etudiants-de-lies-las-salinas-laguna-de-duero-valladolid-espagne\/\" >\n\t\t\t\tVisite des \u00e9tudiants de l&rsquo;IES Las Salinas, Laguna de Duero (Valladolid, Espagne)\t\t\t<\/a>\n\t\t<\/h3>\n\t\t\n\t\t<a class=\"elementor-post__read-more\" href=\"https:\/\/toroequipment.com\/fr\/visite-des-etudiants-de-lies-las-salinas-laguna-de-duero-valladolid-espagne\/\" aria-label=\"En savoir plus sur Visite des \u00e9tudiants de l&rsquo;IES Las Salinas, Laguna de Duero (Valladolid, Espagne)\" tabindex=\"-1\" >\n\t\t\tLire plus\t\t<\/a>\n\n\t\t\t\t<\/div>\n\t\t\t\t<div class=\"elementor-post__meta-data\">\n\t\t\t\t\t<span class=\"elementor-post-date\">\n\t\t\td\u00e9cembre 19, 2024\t\t<\/span>\n\t\t\t\t<\/div>\n\t\t\t\t\t<\/div>\n\t\t<\/article>\n\t\t\t\t<article class=\"elementor-post elementor-grid-item post-6851 post type-post status-publish format-standard has-post-thumbnail hentry category-actualites\">\n\t\t\t<div class=\"elementor-post__card\">\n\t\t\t\t<a class=\"elementor-post__thumbnail__link\" href=\"https:\/\/toroequipment.com\/fr\/toro-equipment-has-achieved-the-ecovadis-seal\/\" tabindex=\"-1\" ><div class=\"elementor-post__thumbnail\"><img loading=\"lazy\" decoding=\"async\" width=\"1667\" height=\"1667\" src=\"https:\/\/toroequipment.com\/wp-content\/uploads\/2024\/11\/Distintivo-Toro.png\" class=\"attachment-full size-full wp-image-6770\" alt=\"\" srcset=\"https:\/\/toroequipment.com\/wp-content\/uploads\/2024\/11\/Distintivo-Toro.png 1667w, https:\/\/toroequipment.com\/wp-content\/uploads\/2024\/11\/Distintivo-Toro-300x300.png 300w, https:\/\/toroequipment.com\/wp-content\/uploads\/2024\/11\/Distintivo-Toro-1024x1024.png 1024w, https:\/\/toroequipment.com\/wp-content\/uploads\/2024\/11\/Distintivo-Toro-150x150.png 150w, https:\/\/toroequipment.com\/wp-content\/uploads\/2024\/11\/Distintivo-Toro-768x768.png 768w, https:\/\/toroequipment.com\/wp-content\/uploads\/2024\/11\/Distintivo-Toro-1536x1536.png 1536w, https:\/\/toroequipment.com\/wp-content\/uploads\/2024\/11\/Distintivo-Toro-600x600.png 600w, https:\/\/toroequipment.com\/wp-content\/uploads\/2024\/11\/Distintivo-Toro-100x100.png 100w\" sizes=\"(max-width: 1667px) 100vw, 1667px\" \/><\/div><\/a>\n\t\t\t\t<div class=\"elementor-post__badge\">Actualit\u00e9s<\/div>\n\t\t\t\t<div class=\"elementor-post__text\">\n\t\t\t\t<h3 class=\"elementor-post__title\">\n\t\t\t<a href=\"https:\/\/toroequipment.com\/fr\/toro-equipment-has-achieved-the-ecovadis-seal\/\" >\n\t\t\t\tToro Equipment a obtenu le sceau ECOVADIS\t\t\t<\/a>\n\t\t<\/h3>\n\t\t\n\t\t<a class=\"elementor-post__read-more\" href=\"https:\/\/toroequipment.com\/fr\/toro-equipment-has-achieved-the-ecovadis-seal\/\" aria-label=\"En savoir plus sur Toro Equipment a obtenu le sceau ECOVADIS\" tabindex=\"-1\" >\n\t\t\tLire plus\t\t<\/a>\n\n\t\t\t\t<\/div>\n\t\t\t\t<div class=\"elementor-post__meta-data\">\n\t\t\t\t\t<span class=\"elementor-post-date\">\n\t\t\tnovembre 28, 2024\t\t<\/span>\n\t\t\t\t<\/div>\n\t\t\t\t\t<\/div>\n\t\t<\/article>\n\t\t\t\t<\/div>\n\t\t\t\t\t<span class=\"e-load-more-spinner\">\n\t\t\t\t<svg aria-hidden=\"true\" class=\"e-font-icon-svg e-fas-spinner\" viewBox=\"0 0 512 512\" xmlns=\"http:\/\/www.w3.org\/2000\/svg\"><path d=\"M304 48c0 26.51-21.49 48-48 48s-48-21.49-48-48 21.49-48 48-48 48 21.49 48 48zm-48 368c-26.51 0-48 21.49-48 48s21.49 48 48 48 48-21.49 48-48-21.49-48-48-48zm208-208c-26.51 0-48 21.49-48 48s21.49 48 48 48 48-21.49 48-48-21.49-48-48-48zM96 256c0-26.51-21.49-48-48-48S0 229.49 0 256s21.49 48 48 48 48-21.49 48-48zm12.922 99.078c-26.51 0-48 21.49-48 48s21.49 48 48 48 48-21.49 48-48c0-26.509-21.491-48-48-48zm294.156 0c-26.51 0-48 21.49-48 48s21.49 48 48 48 48-21.49 48-48c0-26.509-21.49-48-48-48zM108.922 60.922c-26.51 0-48 21.49-48 48s21.49 48 48 48 48-21.49 48-48-21.491-48-48-48z\"><\/path><\/svg>\t\t\t<\/span>\n\t\t\n\t\t\t\t<div class=\"e-load-more-anchor\" data-page=\"1\" data-max-page=\"2\" data-next-page=\"https:\/\/toroequipment.com\/fr\/wp-json\/wp\/v2\/pages\/6526\/page\/2\/\"><\/div>\n\t\t\t\t<div class=\"elementor-button-wrapper\">\n\t\t\t<a href=\"#\" class=\"elementor-button-link elementor-button\" role=\"button\">\n\t\t\t\t\t\t<span class=\"elementor-button-content-wrapper\">\n\t\t\t\t\t\t\t\t\t<span class=\"elementor-button-text\">Charger plus<\/span>\n\t\t\t\t\t<\/span>\n\t\t\t\t\t<\/a>\n\t\t<\/div>\n\t\t\t\t<div class=\"e-load-more-message\"><\/div>\n\t\t\t\t\t\t<\/div>\n\t\t\t\t<\/div>\n\t\t\t\t\t<\/div>\n\t\t\t\t<\/div>\n\t\t\t\t<\/div>\n\t\t","protected":false},"excerpt":{"rendered":"","protected":false},"author":1,"featured_media":0,"parent":0,"menu_order":0,"comment_status":"closed","ping_status":"closed","template":"elementor_header_footer","meta":{"_acf_changed":false,"footnotes":""},"class_list":["post-6526","page","type-page","status-publish","hentry"],"acf":[],"yoast_head":"<!-- This site is optimized with the Yoast SEO plugin v25.2 - https:\/\/yoast.com\/wordpress\/plugins\/seo\/ -->\n<title>Actualit\u00e9s - Toro Equipment<\/title>\n<meta name=\"robots\" content=\"index, follow, max-snippet:-1, max-image-preview:large, max-video-preview:-1\" \/>\n<link rel=\"canonical\" href=\"https:\/\/toroequipment.com\/es\/noticias\/\" \/>\n<meta property=\"og:locale\" content=\"fr_FR\" \/>\n<meta property=\"og:type\" content=\"article\" \/>\n<meta property=\"og:title\" content=\"Actualit\u00e9s - Toro Equipment\" \/>\n<meta property=\"og:url\" content=\"https:\/\/toroequipment.com\/es\/noticias\/\" \/>\n<meta property=\"og:site_name\" content=\"Toro Equipment\" \/>\n<meta property=\"article:modified_time\" content=\"2025-02-27T12:44:49+00:00\" \/>\n<meta name=\"twitter:card\" content=\"summary_large_image\" \/>\n<script type=\"application\/ld+json\" class=\"yoast-schema-graph\">{\"@context\":\"https:\/\/schema.org\",\"@graph\":[{\"@type\":\"WebPage\",\"@id\":\"https:\/\/toroequipment.com\/es\/noticias\/\",\"url\":\"https:\/\/toroequipment.com\/es\/noticias\/\",\"name\":\"Actualit\u00e9s - Toro Equipment\",\"isPartOf\":{\"@id\":\"https:\/\/toroequipment.com\/#website\"},\"datePublished\":\"2024-05-09T12:27:59+00:00\",\"dateModified\":\"2025-02-27T12:44:49+00:00\",\"breadcrumb\":{\"@id\":\"https:\/\/toroequipment.com\/es\/noticias\/#breadcrumb\"},\"inLanguage\":\"fr-FR\",\"potentialAction\":[{\"@type\":\"ReadAction\",\"target\":[\"https:\/\/toroequipment.com\/es\/noticias\/\"]}]},{\"@type\":\"BreadcrumbList\",\"@id\":\"https:\/\/toroequipment.com\/es\/noticias\/#breadcrumb\",\"itemListElement\":[{\"@type\":\"ListItem\",\"position\":1,\"name\":\"Home\",\"item\":\"https:\/\/toroequipment.com\/fr\/\"},{\"@type\":\"ListItem\",\"position\":2,\"name\":\"Actualit\u00e9s\"}]},{\"@type\":\"WebSite\",\"@id\":\"https:\/\/toroequipment.com\/#website\",\"url\":\"https:\/\/toroequipment.com\/\",\"name\":\"Toro Equipment\",\"description\":\"\",\"potentialAction\":[{\"@type\":\"SearchAction\",\"target\":{\"@type\":\"EntryPoint\",\"urlTemplate\":\"https:\/\/toroequipment.com\/?s={search_term_string}\"},\"query-input\":{\"@type\":\"PropertyValueSpecification\",\"valueRequired\":true,\"valueName\":\"search_term_string\"}}],\"inLanguage\":\"fr-FR\"}]}<\/script>\n<!-- \/ Yoast SEO plugin. -->","yoast_head_json":{"title":"Actualit\u00e9s - Toro Equipment","robots":{"index":"index","follow":"follow","max-snippet":"max-snippet:-1","max-image-preview":"max-image-preview:large","max-video-preview":"max-video-preview:-1"},"canonical":"https:\/\/toroequipment.com\/es\/noticias\/","og_locale":"fr_FR","og_type":"article","og_title":"Actualit\u00e9s - Toro Equipment","og_url":"https:\/\/toroequipment.com\/es\/noticias\/","og_site_name":"Toro Equipment","article_modified_time":"2025-02-27T12:44:49+00:00","twitter_card":"summary_large_image","schema":{"@context":"https:\/\/schema.org","@graph":[{"@type":"WebPage","@id":"https:\/\/toroequipment.com\/es\/noticias\/","url":"https:\/\/toroequipment.com\/es\/noticias\/","name":"Actualit\u00e9s - Toro Equipment","isPartOf":{"@id":"https:\/\/toroequipment.com\/#website"},"datePublished":"2024-05-09T12:27:59+00:00","dateModified":"2025-02-27T12:44:49+00:00","breadcrumb":{"@id":"https:\/\/toroequipment.com\/es\/noticias\/#breadcrumb"},"inLanguage":"fr-FR","potentialAction":[{"@type":"ReadAction","target":["https:\/\/toroequipment.com\/es\/noticias\/"]}]},{"@type":"BreadcrumbList","@id":"https:\/\/toroequipment.com\/es\/noticias\/#breadcrumb","itemListElement":[{"@type":"ListItem","position":1,"name":"Home","item":"https:\/\/toroequipment.com\/fr\/"},{"@type":"ListItem","position":2,"name":"Actualit\u00e9s"}]},{"@type":"WebSite","@id":"https:\/\/toroequipment.com\/#website","url":"https:\/\/toroequipment.com\/","name":"Toro Equipment","description":"","potentialAction":[{"@type":"SearchAction","target":{"@type":"EntryPoint","urlTemplate":"https:\/\/toroequipment.com\/?s={search_term_string}"},"query-input":{"@type":"PropertyValueSpecification","valueRequired":true,"valueName":"search_term_string"}}],"inLanguage":"fr-FR"}]}},"_links":{"self":[{"href":"https:\/\/toroequipment.com\/fr\/wp-json\/wp\/v2\/pages\/6526","targetHints":{"allow":["GET"]}}],"collection":[{"href":"https:\/\/toroequipment.com\/fr\/wp-json\/wp\/v2\/pages"}],"about":[{"href":"https:\/\/toroequipment.com\/fr\/wp-json\/wp\/v2\/types\/page"}],"author":[{"embeddable":true,"href":"https:\/\/toroequipment.com\/fr\/wp-json\/wp\/v2\/users\/1"}],"replies":[{"embeddable":true,"href":"https:\/\/toroequipment.com\/fr\/wp-json\/wp\/v2\/comments?post=6526"}],"version-history":[{"count":3,"href":"https:\/\/toroequipment.com\/fr\/wp-json\/wp\/v2\/pages\/6526\/revisions"}],"predecessor-version":[{"id":6917,"href":"https:\/\/toroequipment.com\/fr\/wp-json\/wp\/v2\/pages\/6526\/revisions\/6917"}],"wp:attachment":[{"href":"https:\/\/toroequipment.com\/fr\/wp-json\/wp\/v2\/media?parent=6526"}],"curies":[{"name":"wp","href":"https:\/\/api.w.org\/{rel}","templated":true}]}}