{"id":6480,"date":"2024-04-01T10:06:44","date_gmt":"2024-04-01T10:06:44","guid":{"rendered":"https:\/\/toroequipment.com\/accueil\/"},"modified":"2025-10-22T14:35:34","modified_gmt":"2025-10-22T14:35:34","slug":"accueil","status":"publish","type":"page","link":"https:\/\/toroequipment.com\/fr\/","title":{"rendered":"Accueil"},"content":{"rendered":"\t\t<div data-elementor-type=\"wp-page\" data-elementor-id=\"6480\" class=\"elementor elementor-6480 elementor-77\" data-elementor-post-type=\"page\">\n\t\t\t\t<div class=\"elementor-element elementor-element-259261c elementor-hidden-widescreen elementor-hidden-desktop elementor-hidden-laptop elementor-hidden-tablet_extra elementor-hidden-tablet elementor-hidden-mobile_extra elementor-hidden-mobile e-flex e-con-boxed e-con e-parent\" data-id=\"259261c\" data-element_type=\"container\">\n\t\t\t\t\t<div class=\"e-con-inner\">\n\t\t\t\t<div class=\"elementor-element elementor-element-ecb907b elementor-widget elementor-widget-text-editor\" data-id=\"ecb907b\" data-element_type=\"widget\" data-widget_type=\"text-editor.default\">\n\t\t\t\t<div class=\"elementor-widget-container\">\n\t\t\t\t\t\t\t\t\t<p>Accueil. Toro Equipment <a href=\"https:\/\/indemat.com\">. <\/a>  <\/p>\n<p>Nous sommes une entreprise sp\u00e9cialis\u00e9e dans la fabrication et la mise en service d&rsquo;\u00e9quipements de haute qualit\u00e9 pour le traitement des eaux us\u00e9es industrielles et urbaines, des eaux de process, de l&rsquo;approvisionnement et des boues.<\/p>\n<p>Nous sommes une entreprise sp\u00e9cialis\u00e9e dans la fabrication et la mise en service d&rsquo;\u00e9quipements de haute qualit\u00e9 pour le traitement des eaux us\u00e9es industrielles et urbaines, des eaux de process, de l&rsquo;approvisionnement et des boues.<\/p>\n<p>Nous sommes une entreprise sp\u00e9cialis\u00e9e dans la fabrication et la mise en service d&rsquo;\u00e9quipements de haute qualit\u00e9 pour le traitement des eaux us\u00e9es industrielles et urbaines, des eaux de process, de l&rsquo;approvisionnement et des boues.<\/p>\n<p>Nous sommes une entreprise sp\u00e9cialis\u00e9e dans la fabrication et la mise en service d&rsquo;\u00e9quipements de haute qualit\u00e9 pour le traitement des eaux us\u00e9es industrielles et urbaines, des eaux de process, de l&rsquo;approvisionnement et des boues.<\/p>\n<p>Nous sommes une entreprise sp\u00e9cialis\u00e9e dans la fabrication et la mise en service d&rsquo;\u00e9quipements de haute qualit\u00e9 pour le traitement des eaux us\u00e9es industrielles et urbaines, des eaux de process, de l&rsquo;approvisionnement et des boues.<\/p>\n<p>Nous sommes une entreprise sp\u00e9cialis\u00e9e dans la fabrication et la mise en service d&rsquo;\u00e9quipements de haute qualit\u00e9 pour le traitement des eaux us\u00e9es industrielles et urbaines, des eaux de process, de l&rsquo;approvisionnement et des boues.<\/p>\n<p>Nous sommes une entreprise sp\u00e9cialis\u00e9e dans la fabrication et la mise en service d&rsquo;\u00e9quipements de haute qualit\u00e9 pour le traitement des eaux us\u00e9es industrielles et urbaines, des eaux de process, de l&rsquo;approvisionnement et des boues.<\/p>\n<p>Nous sommes une entreprise sp\u00e9cialis\u00e9e dans la fabrication et la mise en service d&rsquo;\u00e9quipements de haute qualit\u00e9 pour le traitement des eaux us\u00e9es industrielles et urbaines, des eaux de process, de l&rsquo;approvisionnement et des boues.<\/p>\n<p>Nous sommes une entreprise sp\u00e9cialis\u00e9e dans la fabrication et la mise en service d&rsquo;\u00e9quipements de haute qualit\u00e9 pour le traitement des eaux us\u00e9es industrielles et urbaines, des eaux de process, de l&rsquo;approvisionnement et des boues.<\/p>\n<p>Nous sommes une entreprise sp\u00e9cialis\u00e9e dans la fabrication et la mise en service d&rsquo;\u00e9quipements de haute qualit\u00e9 pour le traitement des eaux us\u00e9es industrielles et urbaines, des eaux de process, de l&rsquo;approvisionnement et des boues.<\/p>\n<h1>Accueil<\/h1>\n<h2>Accueil<\/h2>\n\t\t\t\t\t\t\t\t<\/div>\n\t\t\t\t<\/div>\n\t\t\t\t\t<\/div>\n\t\t\t\t<\/div>\n\t\t<div class=\"elementor-element elementor-element-2c739c0 e-flex e-con-boxed e-con e-parent\" data-id=\"2c739c0\" data-element_type=\"container\" data-settings=\"{&quot;background_background&quot;:&quot;video&quot;,&quot;background_video_link&quot;:&quot;https:\\\/\\\/toroequipment.com\\\/wp-content\\\/uploads\\\/2024\\\/04\\\/DJI_0033-1.mp4&quot;,&quot;background_play_on_mobile&quot;:&quot;yes&quot;}\">\n\t\t\t\t\t<div class=\"e-con-inner\">\n\t\t<div class=\"elementor-background-video-container\">\n\t\t\t\t\t\t\t<video class=\"elementor-background-video-hosted\" autoplay muted playsinline loop><\/video>\n\t\t\t\t\t<\/div>\t\t<div class=\"elementor-element elementor-element-6ff59ac elementor--h-position-center elementor--v-position-middle elementor-arrows-position-inside elementor-widget elementor-widget-slides\" data-id=\"6ff59ac\" data-element_type=\"widget\" data-settings=\"{&quot;navigation&quot;:&quot;arrows&quot;,&quot;autoplay&quot;:&quot;yes&quot;,&quot;pause_on_hover&quot;:&quot;yes&quot;,&quot;pause_on_interaction&quot;:&quot;yes&quot;,&quot;autoplay_speed&quot;:5000,&quot;infinite&quot;:&quot;yes&quot;,&quot;transition&quot;:&quot;slide&quot;,&quot;transition_speed&quot;:500}\" data-widget_type=\"slides.default\">\n\t\t\t\t<div class=\"elementor-widget-container\">\n\t\t\t\t\t\t\t\t\t<div class=\"elementor-swiper\">\n\t\t\t\t\t<div class=\"elementor-slides-wrapper elementor-main-swiper swiper\" role=\"region\" aria-roledescription=\"carousel\" aria-label=\"Diapositives\" dir=\"ltr\" data-animation=\"\">\n\t\t\t\t<div class=\"swiper-wrapper elementor-slides\">\n\t\t\t\t\t\t\t\t\t\t<div class=\"elementor-repeater-item-a29d8c7 swiper-slide\" role=\"group\" aria-roledescription=\"slide\"><div class=\"swiper-slide-bg\" role=\"img\"><\/div><a class=\"swiper-slide-inner\" href=\"https:\/\/toroequipment.com\/fr\/contact\/\"><div class=\"swiper-slide-contents\"><div class=\"elementor-slide-heading\">Fabricant d\u2019\u00e9quipements de traitement des eaux us\u00e9es et des boues<\/div><div  class=\"elementor-button elementor-slide-button elementor-size-sm\">Contactez-nous !<\/div><\/div><\/a><\/div><div class=\"elementor-repeater-item-d52bfca swiper-slide\" role=\"group\" aria-roledescription=\"slide\"><div class=\"swiper-slide-bg\" role=\"img\"><\/div><div class=\"swiper-slide-inner\" ><div class=\"swiper-slide-contents\"><div class=\"elementor-slide-heading\">Cuves modulaires en PRV : efficacit\u00e9, durabilit\u00e9 et installation facile<\/div><a href=\"https:\/\/toroequipment.com\/fr\/dissolved-air-flotation\/\" class=\"elementor-button elementor-slide-button elementor-size-sm\">Produits<\/a><\/div><\/div><\/div><div class=\"elementor-repeater-item-96f93b3 swiper-slide\" role=\"group\" aria-roledescription=\"slide\"><div class=\"swiper-slide-bg\" role=\"img\"><\/div><a class=\"swiper-slide-inner\" href=\"https:\/\/toroequipment.com\/fr\/about-us\/\"><div class=\"swiper-slide-contents\"><div class=\"elementor-slide-heading\">Technologie europ\u00e9enne en PRV pour le traitement avanc\u00e9 de l\u2019eau<\/div><div  class=\"elementor-button elementor-slide-button elementor-size-sm\">\u00c0 propos de nous<\/div><\/div><\/a><\/div>\t\t\t\t<\/div>\n\t\t\t\t\t\t\t\t\t\t\t\t\t\t\t<div class=\"elementor-swiper-button elementor-swiper-button-prev\" role=\"button\" tabindex=\"0\" aria-label=\"Diapositive pr\u00e9c\u00e9dente\">\n\t\t\t\t\t\t\t<svg aria-hidden=\"true\" class=\"e-font-icon-svg e-eicon-chevron-left\" viewBox=\"0 0 1000 1000\" xmlns=\"http:\/\/www.w3.org\/2000\/svg\"><path d=\"M646 125C629 125 613 133 604 142L308 442C296 454 292 471 292 487 292 504 296 521 308 533L604 854C617 867 629 875 646 875 663 875 679 871 692 858 704 846 713 829 713 812 713 796 708 779 692 767L438 487 692 225C700 217 708 204 708 187 708 171 704 154 692 142 675 129 663 125 646 125Z\"><\/path><\/svg>\t\t\t\t\t\t<\/div>\n\t\t\t\t\t\t<div class=\"elementor-swiper-button elementor-swiper-button-next\" role=\"button\" tabindex=\"0\" aria-label=\"Diapositive suivante\">\n\t\t\t\t\t\t\t<svg aria-hidden=\"true\" class=\"e-font-icon-svg e-eicon-chevron-right\" viewBox=\"0 0 1000 1000\" xmlns=\"http:\/\/www.w3.org\/2000\/svg\"><path d=\"M696 533C708 521 713 504 713 487 713 471 708 454 696 446L400 146C388 133 375 125 354 125 338 125 325 129 313 142 300 154 292 171 292 187 292 204 296 221 308 233L563 492 304 771C292 783 288 800 288 817 288 833 296 850 308 863 321 871 338 875 354 875 371 875 388 867 400 854L696 533Z\"><\/path><\/svg>\t\t\t\t\t\t<\/div>\n\t\t\t\t\t\t\t\t\t\t\t\t\t\t\t\t\t<\/div>\n\t\t\t\t<\/div>\n\t\t\t\t\t\t\t\t<\/div>\n\t\t\t\t<\/div>\n\t\t\t\t\t<\/div>\n\t\t\t\t<\/div>\n\t\t<div class=\"elementor-element elementor-element-415f053 e-flex e-con-boxed e-con e-parent\" data-id=\"415f053\" data-element_type=\"container\">\n\t\t\t\t\t<div class=\"e-con-inner\">\n\t\t<div class=\"elementor-element elementor-element-6052932 e-con-full e-flex e-con e-child\" data-id=\"6052932\" data-element_type=\"container\">\n\t\t\t\t<div class=\"elementor-element elementor-element-2d27d0a elementor-widget-mobile__width-inherit elementor-widget-tablet__width-inherit elementor-invisible elementor-widget elementor-widget-text-editor\" data-id=\"2d27d0a\" data-element_type=\"widget\" data-settings=\"{&quot;_animation&quot;:&quot;fadeInUp&quot;}\" data-widget_type=\"text-editor.default\">\n\t\t\t\t<div class=\"elementor-widget-container\">\n\t\t\t\t\t\t\t\t\t<p style=\"text-align: left;\">Pr\u00e9sents dans<\/p>\t\t\t\t\t\t\t\t<\/div>\n\t\t\t\t<\/div>\n\t\t\t\t<div class=\"elementor-element elementor-element-0c2298c elementor-widget__width-auto elementor-widget-mobile__width-initial elementor-widget-tablet__width-inherit elementor-widget elementor-widget-counter\" data-id=\"0c2298c\" data-element_type=\"widget\" data-widget_type=\"counter.default\">\n\t\t\t\t<div class=\"elementor-widget-container\">\n\t\t\t\t\t\t\t<div class=\"elementor-counter\">\n\t\t\t\t\t\t<div class=\"elementor-counter-number-wrapper\">\n\t\t\t\t<span class=\"elementor-counter-number-prefix\">+<\/span>\n\t\t\t\t<span class=\"elementor-counter-number\" data-duration=\"2000\" data-to-value=\"100\" data-from-value=\"0\" data-delimiter=\",\">0<\/span>\n\t\t\t\t<span class=\"elementor-counter-number-suffix\"> Pays<\/span>\n\t\t\t<\/div>\n\t\t<\/div>\n\t\t\t\t\t\t<\/div>\n\t\t\t\t<\/div>\n\t\t\t\t<div class=\"elementor-element elementor-element-b12cb7b elementor-widget-mobile__width-inherit elementor-widget-tablet__width-inherit elementor-invisible elementor-widget elementor-widget-text-editor\" data-id=\"b12cb7b\" data-element_type=\"widget\" data-settings=\"{&quot;_animation&quot;:&quot;fadeInUp&quot;}\" data-widget_type=\"text-editor.default\">\n\t\t\t\t<div class=\"elementor-widget-container\">\n\t\t\t\t\t\t\t\t\t<p>depuis 1990<\/p>\t\t\t\t\t\t\t\t<\/div>\n\t\t\t\t<\/div>\n\t\t\t\t<\/div>\n\t\t<div class=\"elementor-element elementor-element-11fbdff e-con-full e-flex e-con e-child\" data-id=\"11fbdff\" data-element_type=\"container\">\n\t\t\t\t<div class=\"elementor-element elementor-element-03094bb elementor-invisible elementor-widget elementor-widget-text-editor\" data-id=\"03094bb\" data-element_type=\"widget\" data-settings=\"{&quot;_animation&quot;:&quot;fadeInRight&quot;}\" data-widget_type=\"text-editor.default\">\n\t\t\t\t<div class=\"elementor-widget-container\">\n\t\t\t\t\t\t\t\t\t<p>Nous sommes un fabricant sp\u00e9cialis\u00e9 dans la conception, la fabrication et la mise en service de <strong data-start=\"288\" data-end=\"300\">machines<\/strong> pour le <strong data-start=\"309\" data-end=\"364\">traitement des eaux us\u00e9es industrielles et urbaines<\/strong>, des <strong data-start=\"370\" data-end=\"389\" data-is-only-node=\"\">eaux de process<\/strong>, de <strong data-start=\"394\" data-end=\"411\">l\u2019eau potable<\/strong> et des <strong data-start=\"419\" data-end=\"428\">boues<\/strong>. Nos <strong data-start=\"434\" data-end=\"449\">\u00e9quipements<\/strong> sont adapt\u00e9s \u00e0 chaque station de traitement et garantissent <strong data-start=\"510\" data-end=\"558\">robustesse, efficacit\u00e9 et faible maintenance<\/strong>.<\/p>\t\t\t\t\t\t\t\t<\/div>\n\t\t\t\t<\/div>\n\t\t<div class=\"elementor-element elementor-element-2df1c06 e-flex e-con-boxed e-con e-child\" data-id=\"2df1c06\" data-element_type=\"container\">\n\t\t\t\t\t<div class=\"e-con-inner\">\n\t\t\t\t<div class=\"elementor-element elementor-element-79de42d animated-slow elementor-widget-mobile__width-inherit elementor-invisible elementor-widget elementor-widget-text-editor\" data-id=\"79de42d\" data-element_type=\"widget\" data-settings=\"{&quot;_animation&quot;:&quot;fadeInRight&quot;}\" data-widget_type=\"text-editor.default\">\n\t\t\t\t<div class=\"elementor-widget-container\">\n\t\t\t\t\t\t\t\t\t<p>Ceci est <strong style=\"color: #ee2737;\">Toro Equipment<\/strong><\/p>\n\t\t\t\t\t\t\t\t<\/div>\n\t\t\t\t<\/div>\n\t\t\t\t<div class=\"elementor-element elementor-element-98fe3d8 elementor-widget__width-initial animated-slow elementor-invisible elementor-widget elementor-widget-image\" data-id=\"98fe3d8\" data-element_type=\"widget\" data-settings=\"{&quot;_animation&quot;:&quot;fadeInRight&quot;}\" data-widget_type=\"image.default\">\n\t\t\t\t<div class=\"elementor-widget-container\">\n\t\t\t\t\t\t\t\t\t\t\t\t\t\t\t\t<a href=\"#elementor-action%3Aaction%3Dpopup%3Aopen%26settings%3DeyJpZCI6NDU2NiwidG9nZ2xlIjpmYWxzZX0%3D\">\n\t\t\t\t\t\t\t<img decoding=\"async\" width=\"1\" height=\"1\" src=\"https:\/\/toroequipment.com\/wp-content\/uploads\/2024\/06\/ICONO-PLAY-TORO-01-01-1.svg\" class=\"attachment-large size-large wp-image-4546\" alt=\"\" \/>\t\t\t\t\t\t\t\t<\/a>\n\t\t\t\t\t\t\t\t\t\t\t\t\t\t\t<\/div>\n\t\t\t\t<\/div>\n\t\t\t\t\t<\/div>\n\t\t\t\t<\/div>\n\t\t\t\t<\/div>\n\t\t\t\t\t<\/div>\n\t\t\t\t<\/div>\n\t\t\t\t<\/div>\n\t\t","protected":false},"excerpt":{"rendered":"<p>Accueil. Toro Equipment . Nous sommes une entreprise sp\u00e9cialis\u00e9e dans la fabrication et la mise en service d&rsquo;\u00e9quipements de haute qualit\u00e9 pour le traitement des eaux us\u00e9es industrielles et urbaines, des eaux de process, de l&rsquo;approvisionnement et des boues. Nous sommes une entreprise sp\u00e9cialis\u00e9e dans la fabrication et la mise en service d&rsquo;\u00e9quipements de haute [&hellip;]<\/p>\n","protected":false},"author":1,"featured_media":2834,"parent":0,"menu_order":0,"comment_status":"closed","ping_status":"closed","template":"elementor_header_footer","meta":{"_acf_changed":false,"footnotes":""},"class_list":["post-6480","page","type-page","status-publish","has-post-thumbnail","hentry"],"acf":[],"yoast_head":"<!-- This site is optimized with the Yoast SEO plugin v25.2 - https:\/\/yoast.com\/wordpress\/plugins\/seo\/ -->\n<title>Accueil - Toro Equipment<\/title>\n<meta name=\"description\" content=\"Accueil. Nous sommes une entreprise sp\u00e9cialis\u00e9e dans la fabrication et la mise en service d&#039;\u00e9quipements de haute qualit\u00e9 pour le traitement des eaux us\u00e9es industrielles et urbaines, des eaux de process, de l&#039;approvisionnement et des boues.\" \/>\n<meta name=\"robots\" content=\"index, follow, max-snippet:-1, max-image-preview:large, max-video-preview:-1\" \/>\n<link rel=\"canonical\" href=\"https:\/\/toroequipment.com\/fr\/\" \/>\n<meta property=\"og:locale\" content=\"fr_FR\" \/>\n<meta property=\"og:type\" content=\"article\" \/>\n<meta property=\"og:title\" content=\"Accueil - Toro Equipment\" \/>\n<meta property=\"og:description\" content=\"Nous sommes une entreprise sp\u00e9cialis\u00e9e dans la fabrication et la mise en service d&#039;\u00e9quipements de haute qualit\u00e9 pour le traitement des eaux us\u00e9es industrielles et urbaines, des eaux de process, de l&#039;approvisionnement et des boues.\" \/>\n<meta property=\"og:url\" content=\"https:\/\/toroequipment.com\/fr\/\" \/>\n<meta property=\"og:site_name\" content=\"Toro Equipment\" \/>\n<meta property=\"article:modified_time\" content=\"2025-10-22T14:35:34+00:00\" \/>\n<meta property=\"og:image\" content=\"https:\/\/toroequipment.com\/wp-content\/uploads\/2024\/03\/cropped-Favicon.png\" \/>\n\t<meta property=\"og:image:width\" content=\"512\" \/>\n\t<meta property=\"og:image:height\" content=\"512\" \/>\n\t<meta property=\"og:image:type\" content=\"image\/png\" \/>\n<meta name=\"twitter:card\" content=\"summary_large_image\" \/>\n<meta name=\"twitter:label1\" content=\"Dur\u00e9e de lecture estim\u00e9e\" \/>\n\t<meta name=\"twitter:data1\" content=\"3 minutes\" \/>\n<script type=\"application\/ld+json\" class=\"yoast-schema-graph\">{\"@context\":\"https:\/\/schema.org\",\"@graph\":[{\"@type\":\"WebPage\",\"@id\":\"https:\/\/toroequipment.com\/fr\/\",\"url\":\"https:\/\/toroequipment.com\/fr\/\",\"name\":\"Accueil - Toro Equipment\",\"isPartOf\":{\"@id\":\"https:\/\/toroequipment.com\/#website\"},\"primaryImageOfPage\":{\"@id\":\"https:\/\/toroequipment.com\/fr\/#primaryimage\"},\"image\":{\"@id\":\"https:\/\/toroequipment.com\/fr\/#primaryimage\"},\"thumbnailUrl\":\"https:\/\/toroequipment.com\/wp-content\/uploads\/2024\/03\/cropped-Favicon.png\",\"datePublished\":\"2024-04-01T10:06:44+00:00\",\"dateModified\":\"2025-10-22T14:35:34+00:00\",\"description\":\"Accueil. Nous sommes une entreprise sp\u00e9cialis\u00e9e dans la fabrication et la mise en service d'\u00e9quipements de haute qualit\u00e9 pour le traitement des eaux us\u00e9es industrielles et urbaines, des eaux de process, de l'approvisionnement et des boues.\",\"breadcrumb\":{\"@id\":\"https:\/\/toroequipment.com\/fr\/#breadcrumb\"},\"inLanguage\":\"fr-FR\",\"potentialAction\":[{\"@type\":\"ReadAction\",\"target\":[\"https:\/\/toroequipment.com\/fr\/\"]}]},{\"@type\":\"ImageObject\",\"inLanguage\":\"fr-FR\",\"@id\":\"https:\/\/toroequipment.com\/fr\/#primaryimage\",\"url\":\"https:\/\/toroequipment.com\/wp-content\/uploads\/2024\/03\/cropped-Favicon.png\",\"contentUrl\":\"https:\/\/toroequipment.com\/wp-content\/uploads\/2024\/03\/cropped-Favicon.png\",\"width\":512,\"height\":512},{\"@type\":\"BreadcrumbList\",\"@id\":\"https:\/\/toroequipment.com\/fr\/#breadcrumb\",\"itemListElement\":[{\"@type\":\"ListItem\",\"position\":1,\"name\":\"Home\",\"item\":\"https:\/\/toroequipment.com\/fr\/\"},{\"@type\":\"ListItem\",\"position\":2,\"name\":\"Accueil\"}]},{\"@type\":\"WebSite\",\"@id\":\"https:\/\/toroequipment.com\/#website\",\"url\":\"https:\/\/toroequipment.com\/\",\"name\":\"Toro Equipment\",\"description\":\"\",\"potentialAction\":[{\"@type\":\"SearchAction\",\"target\":{\"@type\":\"EntryPoint\",\"urlTemplate\":\"https:\/\/toroequipment.com\/?s={search_term_string}\"},\"query-input\":{\"@type\":\"PropertyValueSpecification\",\"valueRequired\":true,\"valueName\":\"search_term_string\"}}],\"inLanguage\":\"fr-FR\"}]}<\/script>\n<!-- \/ Yoast SEO plugin. -->","yoast_head_json":{"title":"Accueil - Toro Equipment","description":"Accueil. Nous sommes une entreprise sp\u00e9cialis\u00e9e dans la fabrication et la mise en service d'\u00e9quipements de haute qualit\u00e9 pour le traitement des eaux us\u00e9es industrielles et urbaines, des eaux de process, de l'approvisionnement et des boues.","robots":{"index":"index","follow":"follow","max-snippet":"max-snippet:-1","max-image-preview":"max-image-preview:large","max-video-preview":"max-video-preview:-1"},"canonical":"https:\/\/toroequipment.com\/fr\/","og_locale":"fr_FR","og_type":"article","og_title":"Accueil - Toro Equipment","og_description":"Nous sommes une entreprise sp\u00e9cialis\u00e9e dans la fabrication et la mise en service d'\u00e9quipements de haute qualit\u00e9 pour le traitement des eaux us\u00e9es industrielles et urbaines, des eaux de process, de l'approvisionnement et des boues.","og_url":"https:\/\/toroequipment.com\/fr\/","og_site_name":"Toro Equipment","article_modified_time":"2025-10-22T14:35:34+00:00","og_image":[{"width":512,"height":512,"url":"https:\/\/toroequipment.com\/wp-content\/uploads\/2024\/03\/cropped-Favicon.png","type":"image\/png"}],"twitter_card":"summary_large_image","twitter_misc":{"Dur\u00e9e de lecture estim\u00e9e":"3 minutes"},"schema":{"@context":"https:\/\/schema.org","@graph":[{"@type":"WebPage","@id":"https:\/\/toroequipment.com\/fr\/","url":"https:\/\/toroequipment.com\/fr\/","name":"Accueil - Toro Equipment","isPartOf":{"@id":"https:\/\/toroequipment.com\/#website"},"primaryImageOfPage":{"@id":"https:\/\/toroequipment.com\/fr\/#primaryimage"},"image":{"@id":"https:\/\/toroequipment.com\/fr\/#primaryimage"},"thumbnailUrl":"https:\/\/toroequipment.com\/wp-content\/uploads\/2024\/03\/cropped-Favicon.png","datePublished":"2024-04-01T10:06:44+00:00","dateModified":"2025-10-22T14:35:34+00:00","description":"Accueil. Nous sommes une entreprise sp\u00e9cialis\u00e9e dans la fabrication et la mise en service d'\u00e9quipements de haute qualit\u00e9 pour le traitement des eaux us\u00e9es industrielles et urbaines, des eaux de process, de l'approvisionnement et des boues.","breadcrumb":{"@id":"https:\/\/toroequipment.com\/fr\/#breadcrumb"},"inLanguage":"fr-FR","potentialAction":[{"@type":"ReadAction","target":["https:\/\/toroequipment.com\/fr\/"]}]},{"@type":"ImageObject","inLanguage":"fr-FR","@id":"https:\/\/toroequipment.com\/fr\/#primaryimage","url":"https:\/\/toroequipment.com\/wp-content\/uploads\/2024\/03\/cropped-Favicon.png","contentUrl":"https:\/\/toroequipment.com\/wp-content\/uploads\/2024\/03\/cropped-Favicon.png","width":512,"height":512},{"@type":"BreadcrumbList","@id":"https:\/\/toroequipment.com\/fr\/#breadcrumb","itemListElement":[{"@type":"ListItem","position":1,"name":"Home","item":"https:\/\/toroequipment.com\/fr\/"},{"@type":"ListItem","position":2,"name":"Accueil"}]},{"@type":"WebSite","@id":"https:\/\/toroequipment.com\/#website","url":"https:\/\/toroequipment.com\/","name":"Toro Equipment","description":"","potentialAction":[{"@type":"SearchAction","target":{"@type":"EntryPoint","urlTemplate":"https:\/\/toroequipment.com\/?s={search_term_string}"},"query-input":{"@type":"PropertyValueSpecification","valueRequired":true,"valueName":"search_term_string"}}],"inLanguage":"fr-FR"}]}},"_links":{"self":[{"href":"https:\/\/toroequipment.com\/fr\/wp-json\/wp\/v2\/pages\/6480","targetHints":{"allow":["GET"]}}],"collection":[{"href":"https:\/\/toroequipment.com\/fr\/wp-json\/wp\/v2\/pages"}],"about":[{"href":"https:\/\/toroequipment.com\/fr\/wp-json\/wp\/v2\/types\/page"}],"author":[{"embeddable":true,"href":"https:\/\/toroequipment.com\/fr\/wp-json\/wp\/v2\/users\/1"}],"replies":[{"embeddable":true,"href":"https:\/\/toroequipment.com\/fr\/wp-json\/wp\/v2\/comments?post=6480"}],"version-history":[{"count":19,"href":"https:\/\/toroequipment.com\/fr\/wp-json\/wp\/v2\/pages\/6480\/revisions"}],"predecessor-version":[{"id":7445,"href":"https:\/\/toroequipment.com\/fr\/wp-json\/wp\/v2\/pages\/6480\/revisions\/7445"}],"wp:featuredmedia":[{"embeddable":true,"href":"https:\/\/toroequipment.com\/fr\/wp-json\/wp\/v2\/media\/2834"}],"wp:attachment":[{"href":"https:\/\/toroequipment.com\/fr\/wp-json\/wp\/v2\/media?parent=6480"}],"curies":[{"name":"wp","href":"https:\/\/api.w.org\/{rel}","templated":true}]}}