{"id":3755,"date":"2024-05-17T09:39:14","date_gmt":"2024-05-17T09:39:14","guid":{"rendered":"https:\/\/toroequipment.com\/panier\/"},"modified":"2024-05-17T09:39:15","modified_gmt":"2024-05-17T09:39:15","slug":"panier","status":"publish","type":"page","link":"https:\/\/toroequipment.com\/fr\/panier\/","title":{"rendered":"Panier"},"content":{"rendered":"<div data-block-name=\"woocommerce\/cart\" class=\"wp-block-woocommerce-cart alignwide is-loading\"><div data-block-name=\"woocommerce\/filled-cart-block\" class=\"wp-block-woocommerce-filled-cart-block\"><div data-block-name=\"woocommerce\/cart-items-block\" class=\"wp-block-woocommerce-cart-items-block\"><div data-block-name=\"woocommerce\/cart-line-items-block\" class=\"wp-block-woocommerce-cart-line-items-block\"><\/div>\n\n<div data-block-name=\"woocommerce\/cart-cross-sells-block\" class=\"wp-block-woocommerce-cart-cross-sells-block\"><h2 class=\"wp-block-heading has-large-font-size\">You may be interested in\u2026<\/h2>\n\n<div data-block-name=\"woocommerce\/cart-cross-sells-products-block\" class=\"wp-block-woocommerce-cart-cross-sells-products-block\"><\/div><\/div><\/div>\n\n<div data-block-name=\"woocommerce\/cart-totals-block\" class=\"wp-block-woocommerce-cart-totals-block\"><div data-block-name=\"woocommerce\/cart-order-summary-block\" class=\"wp-block-woocommerce-cart-order-summary-block\"><div data-block-name=\"woocommerce\/cart-order-summary-heading-block\" class=\"wp-block-woocommerce-cart-order-summary-heading-block\"><\/div><div data-block-name=\"woocommerce\/cart-order-summary-coupon-form-block\" class=\"wp-block-woocommerce-cart-order-summary-coupon-form-block\"><\/div><div data-block-name=\"woocommerce\/cart-order-summary-totals-block\" class=\"wp-block-woocommerce-cart-order-summary-totals-block\">\n<div data-block-name=\"woocommerce\/cart-order-summary-subtotal-block\" class=\"wp-block-woocommerce-cart-order-summary-subtotal-block\"><\/div>\n<div data-block-name=\"woocommerce\/cart-order-summary-discount-block\" class=\"wp-block-woocommerce-cart-order-summary-discount-block\"><\/div>\n<div data-block-name=\"woocommerce\/cart-order-summary-fee-block\" class=\"wp-block-woocommerce-cart-order-summary-fee-block\"><\/div>\n<div data-block-name=\"woocommerce\/cart-order-summary-shipping-block\" class=\"wp-block-woocommerce-cart-order-summary-shipping-block\"><\/div>\n<div data-block-name=\"woocommerce\/cart-order-summary-taxes-block\" class=\"wp-block-woocommerce-cart-order-summary-taxes-block\"><\/div><\/div><\/div>\n\n<div data-block-name=\"woocommerce\/cart-express-payment-block\" class=\"wp-block-woocommerce-cart-express-payment-block\"><\/div>\n\n<div data-block-name=\"woocommerce\/proceed-to-checkout-block\" class=\"wp-block-woocommerce-proceed-to-checkout-block\"><\/div>\n\n<div data-block-name=\"woocommerce\/cart-accepted-payment-methods-block\" class=\"wp-block-woocommerce-cart-accepted-payment-methods-block\"><\/div><\/div><\/div>\n\n<div data-block-name=\"woocommerce\/empty-cart-block\" class=\"wp-block-woocommerce-empty-cart-block\"><h2 class=\"wp-block-heading has-text-align-center with-empty-cart-icon wc-block-cart__empty-cart__title\">Your cart is currently empty!<\/h2>\n\n<hr class=\"wp-block-separator has-alpha-channel-opacity is-style-dots\"\/>\n\n<h2 class=\"wp-block-heading has-text-align-center\">New in store<\/h2>\n\n<div data-block-name=\"woocommerce\/product-new\" data-columns=\"4\" data-rows=\"1\" class=\"wc-block-grid wp-block-product-new wp-block-woocommerce-product-new wc-block-product-new has-4-columns\"><ul class=\"wc-block-grid__products\"><li class=\"wc-block-grid__product\">\n\t\t\t\t<a href=\"https:\/\/toroequipment.com\/fr\/producto\/desensablage\/\" class=\"wc-block-grid__product-link\">\n\t\t\t\t\t\n\t\t\t\t\t<div class=\"wc-block-grid__product-image\"><img fetchpriority=\"high\" decoding=\"async\" width=\"300\" height=\"300\" src=\"https:\/\/toroequipment.com\/wp-content\/uploads\/2024\/06\/DA-6-280-300x300.jpg\" class=\"attachment-woocommerce_thumbnail size-woocommerce_thumbnail\" alt=\"D\u00e9sensablage\" srcset=\"https:\/\/toroequipment.com\/wp-content\/uploads\/2024\/06\/DA-6-280-300x300.jpg 300w, https:\/\/toroequipment.com\/wp-content\/uploads\/2024\/06\/DA-6-280-1024x1024.jpg 1024w, https:\/\/toroequipment.com\/wp-content\/uploads\/2024\/06\/DA-6-280-150x150.jpg 150w, https:\/\/toroequipment.com\/wp-content\/uploads\/2024\/06\/DA-6-280-768x768.jpg 768w, https:\/\/toroequipment.com\/wp-content\/uploads\/2024\/06\/DA-6-280-600x600.jpg 600w, https:\/\/toroequipment.com\/wp-content\/uploads\/2024\/06\/DA-6-280-100x100.jpg 100w, https:\/\/toroequipment.com\/wp-content\/uploads\/2024\/06\/DA-6-280.jpg 1042w\" sizes=\"(max-width: 300px) 100vw, 300px\" \/><\/div>\n\t\t\t\t\t<div class=\"wc-block-grid__product-title\">D\u00e9sensablage<\/div>\n\t\t\t\t<\/a>\n\t\t\t\t<div class=\"wc-block-grid__product-price price\"><span class=\"woocommerce-Price-amount amount\">0,00&nbsp;<span class=\"woocommerce-Price-currencySymbol\">&euro;<\/span><\/span><\/div>\n\t\t\t\t\n\t\t\t\t<div class=\"wp-block-button wc-block-grid__product-add-to-cart\"><a href=\"https:\/\/toroequipment.com\/fr\/producto\/desensablage\/\" aria-label=\"S\u00e9lectionner les options pour &ldquo;D\u00e9sensablage&rdquo;\" data-quantity=\"1\" data-product_id=\"6258\" data-product_sku=\"\" data-price=\"0\" rel=\"nofollow\" class=\"wp-block-button__link  add_to_cart_button\">Choix des options<\/a><\/div>\n\t\t\t<\/li><li class=\"wc-block-grid__product\">\n\t\t\t\t<a href=\"https:\/\/toroequipment.com\/fr\/producto\/vis-convoyeuse-a-canal\/\" class=\"wc-block-grid__product-link\">\n\t\t\t\t\t\n\t\t\t\t\t<div class=\"wc-block-grid__product-image\"><img decoding=\"async\" width=\"300\" height=\"300\" src=\"https:\/\/toroequipment.com\/wp-content\/uploads\/2024\/06\/TTC200-300x300.jpg\" class=\"attachment-woocommerce_thumbnail size-woocommerce_thumbnail\" alt=\"Vis Convoyeuse \u00e0 Canal\" srcset=\"https:\/\/toroequipment.com\/wp-content\/uploads\/2024\/06\/TTC200-300x300.jpg 300w, https:\/\/toroequipment.com\/wp-content\/uploads\/2024\/06\/TTC200-1024x1024.jpg 1024w, https:\/\/toroequipment.com\/wp-content\/uploads\/2024\/06\/TTC200-150x150.jpg 150w, https:\/\/toroequipment.com\/wp-content\/uploads\/2024\/06\/TTC200-768x768.jpg 768w, https:\/\/toroequipment.com\/wp-content\/uploads\/2024\/06\/TTC200-600x600.jpg 600w, https:\/\/toroequipment.com\/wp-content\/uploads\/2024\/06\/TTC200-100x100.jpg 100w, https:\/\/toroequipment.com\/wp-content\/uploads\/2024\/06\/TTC200.jpg 1042w\" sizes=\"(max-width: 300px) 100vw, 300px\" \/><\/div>\n\t\t\t\t\t<div class=\"wc-block-grid__product-title\">Vis Convoyeuse \u00e0 Canal<\/div>\n\t\t\t\t<\/a>\n\t\t\t\t<div class=\"wc-block-grid__product-price price\"><span class=\"woocommerce-Price-amount amount\">0,00&nbsp;<span class=\"woocommerce-Price-currencySymbol\">&euro;<\/span><\/span><\/div>\n\t\t\t\t\n\t\t\t\t<div class=\"wp-block-button wc-block-grid__product-add-to-cart\"><a href=\"https:\/\/toroequipment.com\/fr\/producto\/vis-convoyeuse-a-canal\/\" aria-label=\"S\u00e9lectionner les options pour &ldquo;Vis Convoyeuse \u00e0 Canal&rdquo;\" data-quantity=\"1\" data-product_id=\"6639\" data-product_sku=\"\" data-price=\"0\" rel=\"nofollow\" class=\"wp-block-button__link  add_to_cart_button\">Choix des options<\/a><\/div>\n\t\t\t<\/li><li class=\"wc-block-grid__product\">\n\t\t\t\t<a href=\"https:\/\/toroequipment.com\/fr\/producto\/convoyeur-a-vis-de-melange\/\" class=\"wc-block-grid__product-link\">\n\t\t\t\t\t\n\t\t\t\t\t<div class=\"wc-block-grid__product-image\"><img decoding=\"async\" width=\"300\" height=\"300\" src=\"https:\/\/toroequipment.com\/wp-content\/uploads\/2024\/06\/TTM200-300x300.jpg\" class=\"attachment-woocommerce_thumbnail size-woocommerce_thumbnail\" alt=\"Convoyeur \u00e0 Vis de M\u00e9lange\" srcset=\"https:\/\/toroequipment.com\/wp-content\/uploads\/2024\/06\/TTM200-300x300.jpg 300w, https:\/\/toroequipment.com\/wp-content\/uploads\/2024\/06\/TTM200-1024x1024.jpg 1024w, https:\/\/toroequipment.com\/wp-content\/uploads\/2024\/06\/TTM200-150x150.jpg 150w, https:\/\/toroequipment.com\/wp-content\/uploads\/2024\/06\/TTM200-768x768.jpg 768w, https:\/\/toroequipment.com\/wp-content\/uploads\/2024\/06\/TTM200-600x600.jpg 600w, https:\/\/toroequipment.com\/wp-content\/uploads\/2024\/06\/TTM200-100x100.jpg 100w, https:\/\/toroequipment.com\/wp-content\/uploads\/2024\/06\/TTM200.jpg 1042w\" sizes=\"(max-width: 300px) 100vw, 300px\" \/><\/div>\n\t\t\t\t\t<div class=\"wc-block-grid__product-title\">Convoyeur \u00e0 Vis de M\u00e9lange<\/div>\n\t\t\t\t<\/a>\n\t\t\t\t<div class=\"wc-block-grid__product-price price\"><span class=\"woocommerce-Price-amount amount\">0,00&nbsp;<span class=\"woocommerce-Price-currencySymbol\">&euro;<\/span><\/span><\/div>\n\t\t\t\t\n\t\t\t\t<div class=\"wp-block-button wc-block-grid__product-add-to-cart\"><a href=\"https:\/\/toroequipment.com\/fr\/producto\/convoyeur-a-vis-de-melange\/\" aria-label=\"S\u00e9lectionner les options pour &ldquo;Convoyeur \u00e0 Vis de M\u00e9lange&rdquo;\" data-quantity=\"1\" data-product_id=\"6272\" data-product_sku=\"\" data-price=\"0\" rel=\"nofollow\" class=\"wp-block-button__link  add_to_cart_button\">Choix des options<\/a><\/div>\n\t\t\t<\/li><li class=\"wc-block-grid__product\">\n\t\t\t\t<a href=\"https:\/\/toroequipment.com\/fr\/producto\/vis-de-compacteur\/\" class=\"wc-block-grid__product-link\">\n\t\t\t\t\t\n\t\t\t\t\t<div class=\"wc-block-grid__product-image\"><img loading=\"lazy\" decoding=\"async\" width=\"300\" height=\"300\" src=\"https:\/\/toroequipment.com\/wp-content\/uploads\/2024\/06\/TC215-300x300.jpg\" class=\"attachment-woocommerce_thumbnail size-woocommerce_thumbnail\" alt=\"Vis de Compacteur\" srcset=\"https:\/\/toroequipment.com\/wp-content\/uploads\/2024\/06\/TC215-300x300.jpg 300w, https:\/\/toroequipment.com\/wp-content\/uploads\/2024\/06\/TC215-1024x1024.jpg 1024w, https:\/\/toroequipment.com\/wp-content\/uploads\/2024\/06\/TC215-150x150.jpg 150w, https:\/\/toroequipment.com\/wp-content\/uploads\/2024\/06\/TC215-768x768.jpg 768w, https:\/\/toroequipment.com\/wp-content\/uploads\/2024\/06\/TC215-600x600.jpg 600w, https:\/\/toroequipment.com\/wp-content\/uploads\/2024\/06\/TC215-100x100.jpg 100w, https:\/\/toroequipment.com\/wp-content\/uploads\/2024\/06\/TC215.jpg 1042w\" sizes=\"(max-width: 300px) 100vw, 300px\" \/><\/div>\n\t\t\t\t\t<div class=\"wc-block-grid__product-title\">Vis de Compacteur<\/div>\n\t\t\t\t<\/a>\n\t\t\t\t<div class=\"wc-block-grid__product-price price\"><span class=\"woocommerce-Price-amount amount\">0,00&nbsp;<span class=\"woocommerce-Price-currencySymbol\">&euro;<\/span><\/span><\/div>\n\t\t\t\t\n\t\t\t\t<div class=\"wp-block-button wc-block-grid__product-add-to-cart\"><a href=\"https:\/\/toroequipment.com\/fr\/producto\/vis-de-compacteur\/\" aria-label=\"S\u00e9lectionner les options pour &ldquo;Vis de Compacteur&rdquo;\" data-quantity=\"1\" data-product_id=\"6277\" data-product_sku=\"\" data-price=\"0\" rel=\"nofollow\" class=\"wp-block-button__link  add_to_cart_button\">Choix des options<\/a><\/div>\n\t\t\t<\/li><\/ul><\/div><\/div><\/div>","protected":false},"excerpt":{"rendered":"","protected":false},"author":1,"featured_media":0,"parent":0,"menu_order":0,"comment_status":"closed","ping_status":"closed","template":"elementor_header_footer","meta":{"_acf_changed":false,"footnotes":""},"class_list":["post-3755","page","type-page","status-publish","hentry"],"acf":[],"yoast_head":"<!-- This site is optimized with the Yoast SEO plugin v25.2 - https:\/\/yoast.com\/wordpress\/plugins\/seo\/ -->\n<title>Panier - Toro Equipment<\/title>\n<meta name=\"robots\" content=\"index, follow, max-snippet:-1, max-image-preview:large, max-video-preview:-1\" \/>\n<link rel=\"canonical\" href=\"https:\/\/toroequipment.com\/fr\/panier\/\" \/>\n<meta property=\"og:locale\" content=\"fr_FR\" \/>\n<meta property=\"og:type\" content=\"article\" \/>\n<meta property=\"og:title\" content=\"Panier - Toro Equipment\" \/>\n<meta property=\"og:url\" content=\"https:\/\/toroequipment.com\/fr\/panier\/\" \/>\n<meta property=\"og:site_name\" content=\"Toro Equipment\" \/>\n<meta property=\"article:modified_time\" content=\"2024-05-17T09:39:15+00:00\" \/>\n<meta name=\"twitter:card\" content=\"summary_large_image\" \/>\n<script type=\"application\/ld+json\" class=\"yoast-schema-graph\">{\"@context\":\"https:\/\/schema.org\",\"@graph\":[{\"@type\":\"WebPage\",\"@id\":\"https:\/\/toroequipment.com\/fr\/panier\/\",\"url\":\"https:\/\/toroequipment.com\/fr\/panier\/\",\"name\":\"Panier - Toro Equipment\",\"isPartOf\":{\"@id\":\"https:\/\/toroequipment.com\/#website\"},\"datePublished\":\"2024-05-17T09:39:14+00:00\",\"dateModified\":\"2024-05-17T09:39:15+00:00\",\"breadcrumb\":{\"@id\":\"https:\/\/toroequipment.com\/fr\/panier\/#breadcrumb\"},\"inLanguage\":\"fr-FR\",\"potentialAction\":[{\"@type\":\"ReadAction\",\"target\":[\"https:\/\/toroequipment.com\/fr\/panier\/\"]}]},{\"@type\":\"BreadcrumbList\",\"@id\":\"https:\/\/toroequipment.com\/fr\/panier\/#breadcrumb\",\"itemListElement\":[{\"@type\":\"ListItem\",\"position\":1,\"name\":\"Home\",\"item\":\"https:\/\/toroequipment.com\/fr\/\"},{\"@type\":\"ListItem\",\"position\":2,\"name\":\"Panier\"}]},{\"@type\":\"WebSite\",\"@id\":\"https:\/\/toroequipment.com\/#website\",\"url\":\"https:\/\/toroequipment.com\/\",\"name\":\"Toro Equipment\",\"description\":\"\",\"potentialAction\":[{\"@type\":\"SearchAction\",\"target\":{\"@type\":\"EntryPoint\",\"urlTemplate\":\"https:\/\/toroequipment.com\/?s={search_term_string}\"},\"query-input\":{\"@type\":\"PropertyValueSpecification\",\"valueRequired\":true,\"valueName\":\"search_term_string\"}}],\"inLanguage\":\"fr-FR\"}]}<\/script>\n<!-- \/ Yoast SEO plugin. -->","yoast_head_json":{"title":"Panier - Toro Equipment","robots":{"index":"index","follow":"follow","max-snippet":"max-snippet:-1","max-image-preview":"max-image-preview:large","max-video-preview":"max-video-preview:-1"},"canonical":"https:\/\/toroequipment.com\/fr\/panier\/","og_locale":"fr_FR","og_type":"article","og_title":"Panier - Toro Equipment","og_url":"https:\/\/toroequipment.com\/fr\/panier\/","og_site_name":"Toro Equipment","article_modified_time":"2024-05-17T09:39:15+00:00","twitter_card":"summary_large_image","schema":{"@context":"https:\/\/schema.org","@graph":[{"@type":"WebPage","@id":"https:\/\/toroequipment.com\/fr\/panier\/","url":"https:\/\/toroequipment.com\/fr\/panier\/","name":"Panier - Toro Equipment","isPartOf":{"@id":"https:\/\/toroequipment.com\/#website"},"datePublished":"2024-05-17T09:39:14+00:00","dateModified":"2024-05-17T09:39:15+00:00","breadcrumb":{"@id":"https:\/\/toroequipment.com\/fr\/panier\/#breadcrumb"},"inLanguage":"fr-FR","potentialAction":[{"@type":"ReadAction","target":["https:\/\/toroequipment.com\/fr\/panier\/"]}]},{"@type":"BreadcrumbList","@id":"https:\/\/toroequipment.com\/fr\/panier\/#breadcrumb","itemListElement":[{"@type":"ListItem","position":1,"name":"Home","item":"https:\/\/toroequipment.com\/fr\/"},{"@type":"ListItem","position":2,"name":"Panier"}]},{"@type":"WebSite","@id":"https:\/\/toroequipment.com\/#website","url":"https:\/\/toroequipment.com\/","name":"Toro Equipment","description":"","potentialAction":[{"@type":"SearchAction","target":{"@type":"EntryPoint","urlTemplate":"https:\/\/toroequipment.com\/?s={search_term_string}"},"query-input":{"@type":"PropertyValueSpecification","valueRequired":true,"valueName":"search_term_string"}}],"inLanguage":"fr-FR"}]}},"_links":{"self":[{"href":"https:\/\/toroequipment.com\/fr\/wp-json\/wp\/v2\/pages\/3755","targetHints":{"allow":["GET"]}}],"collection":[{"href":"https:\/\/toroequipment.com\/fr\/wp-json\/wp\/v2\/pages"}],"about":[{"href":"https:\/\/toroequipment.com\/fr\/wp-json\/wp\/v2\/types\/page"}],"author":[{"embeddable":true,"href":"https:\/\/toroequipment.com\/fr\/wp-json\/wp\/v2\/users\/1"}],"replies":[{"embeddable":true,"href":"https:\/\/toroequipment.com\/fr\/wp-json\/wp\/v2\/comments?post=3755"}],"version-history":[{"count":0,"href":"https:\/\/toroequipment.com\/fr\/wp-json\/wp\/v2\/pages\/3755\/revisions"}],"wp:attachment":[{"href":"https:\/\/toroequipment.com\/fr\/wp-json\/wp\/v2\/media?parent=3755"}],"curies":[{"name":"wp","href":"https:\/\/api.w.org\/{rel}","templated":true}]}}