{"id":5588,"date":"2024-01-03T06:05:20","date_gmt":"2024-01-03T06:05:20","guid":{"rendered":"https:\/\/toroequipment.com\/?post_type=product&#038;p=5588"},"modified":"2024-07-22T05:57:11","modified_gmt":"2024-07-22T05:57:11","slug":"tamices-tr40","status":"publish","type":"product","link":"https:\/\/toroequipment.com\/es\/producto\/tamices-tr40\/","title":{"rendered":"Tamiz TR40"},"content":{"rendered":"<p>Material: Acero inoxidable AISI 316L.<\/p>\n<p>Funcionamiento: Autom\u00e1tico.<\/p>\n<p>*Tapa incluida<br \/>\n*Opci\u00f3n de TR SMART. Con este sistema, el tamiz funciona como una m\u00e1quina totalmente aut\u00f3noma que no requiere ninguna configuraci\u00f3n ni parametrizaci\u00f3n.<\/p>\n","protected":false},"excerpt":{"rendered":"<p>Material: Acero inoxidable AISI 316L. Funcionamiento: Autom\u00e1tico. *Tapa incluida *Opci\u00f3n de TR SMART. Con este sistema, el tamiz funciona como una m\u00e1quina totalmente aut\u00f3noma que no requiere ninguna configuraci\u00f3n ni parametrizaci\u00f3n.<\/p>\n","protected":false},"featured_media":5602,"comment_status":"closed","ping_status":"closed","template":"","meta":{"_acf_changed":false},"product_brand":[],"product_cat":[145],"product_tag":[],"class_list":{"0":"post-5588","1":"product","2":"type-product","3":"status-publish","4":"has-post-thumbnail","6":"product_cat-tamices","8":"first","9":"instock","10":"shipping-taxable","11":"purchasable","12":"product-type-variable"},"acf":[],"yoast_head":"<!-- This site is optimized with the Yoast SEO plugin v25.2 - https:\/\/yoast.com\/wordpress\/plugins\/seo\/ -->\n<title>Tamiz TR40 - Toro Equipment<\/title>\n<meta name=\"robots\" content=\"index, follow, max-snippet:-1, max-image-preview:large, max-video-preview:-1\" \/>\n<link rel=\"canonical\" href=\"https:\/\/toroequipment.com\/es\/producto\/tamices-tr40\/\" \/>\n<meta property=\"og:locale\" content=\"es_ES\" \/>\n<meta property=\"og:type\" content=\"article\" \/>\n<meta property=\"og:title\" content=\"Tamiz TR40 - Toro Equipment\" \/>\n<meta property=\"og:description\" content=\"Material: Acero inoxidable AISI 316L. Funcionamiento: Autom\u00e1tico. *Tapa incluida *Opci\u00f3n de TR SMART. Con este sistema, el tamiz funciona como una m\u00e1quina totalmente aut\u00f3noma que no requiere ninguna configuraci\u00f3n ni parametrizaci\u00f3n.\" \/>\n<meta property=\"og:url\" content=\"https:\/\/toroequipment.com\/es\/producto\/tamices-tr40\/\" \/>\n<meta property=\"og:site_name\" content=\"Toro Equipment\" \/>\n<meta property=\"article:modified_time\" content=\"2024-07-22T05:57:11+00:00\" \/>\n<meta property=\"og:image\" content=\"https:\/\/toroequipment.com\/wp-content\/uploads\/2024\/06\/TR-40-25.jpg\" \/>\n\t<meta property=\"og:image:width\" content=\"1042\" \/>\n\t<meta property=\"og:image:height\" content=\"1042\" \/>\n\t<meta property=\"og:image:type\" content=\"image\/jpeg\" \/>\n<meta name=\"twitter:card\" content=\"summary_large_image\" \/>\n<meta name=\"twitter:label1\" content=\"Tiempo de lectura\" \/>\n\t<meta name=\"twitter:data1\" content=\"1 minuto\" \/>\n<script type=\"application\/ld+json\" class=\"yoast-schema-graph\">{\"@context\":\"https:\/\/schema.org\",\"@graph\":[{\"@type\":\"WebPage\",\"@id\":\"https:\/\/toroequipment.com\/es\/producto\/tamices-tr40\/\",\"url\":\"https:\/\/toroequipment.com\/es\/producto\/tamices-tr40\/\",\"name\":\"Tamiz TR40 - Toro Equipment\",\"isPartOf\":{\"@id\":\"https:\/\/toroequipment.com\/#website\"},\"primaryImageOfPage\":{\"@id\":\"https:\/\/toroequipment.com\/es\/producto\/tamices-tr40\/#primaryimage\"},\"image\":{\"@id\":\"https:\/\/toroequipment.com\/es\/producto\/tamices-tr40\/#primaryimage\"},\"thumbnailUrl\":\"https:\/\/toroequipment.com\/wp-content\/uploads\/2024\/06\/TR-40-25.jpg\",\"datePublished\":\"2024-01-03T06:05:20+00:00\",\"dateModified\":\"2024-07-22T05:57:11+00:00\",\"breadcrumb\":{\"@id\":\"https:\/\/toroequipment.com\/es\/producto\/tamices-tr40\/#breadcrumb\"},\"inLanguage\":\"es\",\"potentialAction\":[{\"@type\":\"ReadAction\",\"target\":[\"https:\/\/toroequipment.com\/es\/producto\/tamices-tr40\/\"]}]},{\"@type\":\"ImageObject\",\"inLanguage\":\"es\",\"@id\":\"https:\/\/toroequipment.com\/es\/producto\/tamices-tr40\/#primaryimage\",\"url\":\"https:\/\/toroequipment.com\/wp-content\/uploads\/2024\/06\/TR-40-25.jpg\",\"contentUrl\":\"https:\/\/toroequipment.com\/wp-content\/uploads\/2024\/06\/TR-40-25.jpg\",\"width\":1042,\"height\":1042},{\"@type\":\"BreadcrumbList\",\"@id\":\"https:\/\/toroequipment.com\/es\/producto\/tamices-tr40\/#breadcrumb\",\"itemListElement\":[{\"@type\":\"ListItem\",\"position\":1,\"name\":\"Home\",\"item\":\"https:\/\/toroequipment.com\/\"},{\"@type\":\"ListItem\",\"position\":2,\"name\":\"Productos\",\"item\":\"https:\/\/toroequipment.com\/es\/shop\/\"},{\"@type\":\"ListItem\",\"position\":3,\"name\":\"Tamiz TR40\"}]},{\"@type\":\"WebSite\",\"@id\":\"https:\/\/toroequipment.com\/#website\",\"url\":\"https:\/\/toroequipment.com\/\",\"name\":\"Toro Equipment\",\"description\":\"\",\"potentialAction\":[{\"@type\":\"SearchAction\",\"target\":{\"@type\":\"EntryPoint\",\"urlTemplate\":\"https:\/\/toroequipment.com\/?s={search_term_string}\"},\"query-input\":{\"@type\":\"PropertyValueSpecification\",\"valueRequired\":true,\"valueName\":\"search_term_string\"}}],\"inLanguage\":\"es\"}]}<\/script>\n<!-- \/ Yoast SEO plugin. -->","yoast_head_json":{"title":"Tamiz TR40 - Toro Equipment","robots":{"index":"index","follow":"follow","max-snippet":"max-snippet:-1","max-image-preview":"max-image-preview:large","max-video-preview":"max-video-preview:-1"},"canonical":"https:\/\/toroequipment.com\/es\/producto\/tamices-tr40\/","og_locale":"es_ES","og_type":"article","og_title":"Tamiz TR40 - Toro Equipment","og_description":"Material: Acero inoxidable AISI 316L. Funcionamiento: Autom\u00e1tico. *Tapa incluida *Opci\u00f3n de TR SMART. Con este sistema, el tamiz funciona como una m\u00e1quina totalmente aut\u00f3noma que no requiere ninguna configuraci\u00f3n ni parametrizaci\u00f3n.","og_url":"https:\/\/toroequipment.com\/es\/producto\/tamices-tr40\/","og_site_name":"Toro Equipment","article_modified_time":"2024-07-22T05:57:11+00:00","og_image":[{"width":1042,"height":1042,"url":"https:\/\/toroequipment.com\/wp-content\/uploads\/2024\/06\/TR-40-25.jpg","type":"image\/jpeg"}],"twitter_card":"summary_large_image","twitter_misc":{"Tiempo de lectura":"1 minuto"},"schema":{"@context":"https:\/\/schema.org","@graph":[{"@type":"WebPage","@id":"https:\/\/toroequipment.com\/es\/producto\/tamices-tr40\/","url":"https:\/\/toroequipment.com\/es\/producto\/tamices-tr40\/","name":"Tamiz TR40 - Toro Equipment","isPartOf":{"@id":"https:\/\/toroequipment.com\/#website"},"primaryImageOfPage":{"@id":"https:\/\/toroequipment.com\/es\/producto\/tamices-tr40\/#primaryimage"},"image":{"@id":"https:\/\/toroequipment.com\/es\/producto\/tamices-tr40\/#primaryimage"},"thumbnailUrl":"https:\/\/toroequipment.com\/wp-content\/uploads\/2024\/06\/TR-40-25.jpg","datePublished":"2024-01-03T06:05:20+00:00","dateModified":"2024-07-22T05:57:11+00:00","breadcrumb":{"@id":"https:\/\/toroequipment.com\/es\/producto\/tamices-tr40\/#breadcrumb"},"inLanguage":"es","potentialAction":[{"@type":"ReadAction","target":["https:\/\/toroequipment.com\/es\/producto\/tamices-tr40\/"]}]},{"@type":"ImageObject","inLanguage":"es","@id":"https:\/\/toroequipment.com\/es\/producto\/tamices-tr40\/#primaryimage","url":"https:\/\/toroequipment.com\/wp-content\/uploads\/2024\/06\/TR-40-25.jpg","contentUrl":"https:\/\/toroequipment.com\/wp-content\/uploads\/2024\/06\/TR-40-25.jpg","width":1042,"height":1042},{"@type":"BreadcrumbList","@id":"https:\/\/toroequipment.com\/es\/producto\/tamices-tr40\/#breadcrumb","itemListElement":[{"@type":"ListItem","position":1,"name":"Home","item":"https:\/\/toroequipment.com\/"},{"@type":"ListItem","position":2,"name":"Productos","item":"https:\/\/toroequipment.com\/es\/shop\/"},{"@type":"ListItem","position":3,"name":"Tamiz TR40"}]},{"@type":"WebSite","@id":"https:\/\/toroequipment.com\/#website","url":"https:\/\/toroequipment.com\/","name":"Toro Equipment","description":"","potentialAction":[{"@type":"SearchAction","target":{"@type":"EntryPoint","urlTemplate":"https:\/\/toroequipment.com\/?s={search_term_string}"},"query-input":{"@type":"PropertyValueSpecification","valueRequired":true,"valueName":"search_term_string"}}],"inLanguage":"es"}]}},"_links":{"self":[{"href":"https:\/\/toroequipment.com\/es\/wp-json\/wp\/v2\/product\/5588","targetHints":{"allow":["GET"]}}],"collection":[{"href":"https:\/\/toroequipment.com\/es\/wp-json\/wp\/v2\/product"}],"about":[{"href":"https:\/\/toroequipment.com\/es\/wp-json\/wp\/v2\/types\/product"}],"replies":[{"embeddable":true,"href":"https:\/\/toroequipment.com\/es\/wp-json\/wp\/v2\/comments?post=5588"}],"version-history":[{"count":7,"href":"https:\/\/toroequipment.com\/es\/wp-json\/wp\/v2\/product\/5588\/revisions"}],"predecessor-version":[{"id":5938,"href":"https:\/\/toroequipment.com\/es\/wp-json\/wp\/v2\/product\/5588\/revisions\/5938"}],"wp:featuredmedia":[{"embeddable":true,"href":"https:\/\/toroequipment.com\/es\/wp-json\/wp\/v2\/media\/5602"}],"wp:attachment":[{"href":"https:\/\/toroequipment.com\/es\/wp-json\/wp\/v2\/media?parent=5588"}],"wp:term":[{"taxonomy":"product_brand","embeddable":true,"href":"https:\/\/toroequipment.com\/es\/wp-json\/wp\/v2\/product_brand?post=5588"},{"taxonomy":"product_cat","embeddable":true,"href":"https:\/\/toroequipment.com\/es\/wp-json\/wp\/v2\/product_cat?post=5588"},{"taxonomy":"product_tag","embeddable":true,"href":"https:\/\/toroequipment.com\/es\/wp-json\/wp\/v2\/product_tag?post=5588"}],"curies":[{"name":"wp","href":"https:\/\/api.w.org\/{rel}","templated":true}]}}